{"id":18,"date":"2026-03-15T07:28:20","date_gmt":"2026-03-15T07:28:20","guid":{"rendered":"https:\/\/jbelizstudio.com\/?page_id=18"},"modified":"2026-03-18T19:31:15","modified_gmt":"2026-03-18T19:31:15","slug":"refund_returns","status":"publish","type":"page","link":"https:\/\/jbelizstudio.com\/en\/refund_returns\/","title":{"rendered":"Pol\u00edtica de Reembolsos y Devoluciones"},"content":{"rendered":"<div data-elementor-type=\"wp-page\" data-elementor-id=\"18\" class=\"elementor elementor-18\" data-elementor-post-type=\"page\">\n\t\t\t\t<div class=\"elementor-element elementor-element-5c01412 e-flex e-con-boxed e-con e-parent\" data-id=\"5c01412\" data-element_type=\"container\" data-e-type=\"container\">\n\t\t\t\t\t<div class=\"e-con-inner\">\n\t\t\t\t<div class=\"elementor-element elementor-element-dfe1a38 elementor-widget elementor-widget-html\" data-id=\"dfe1a38\" data-element_type=\"widget\" data-e-type=\"widget\" data-widget_type=\"html.default\">\n\t\t\t\t\t<style>\r\n    :root {\r\n        --primary-glow: #00d2ff;\r\n        --secondary-glow: #3a7bd5;\r\n        --bg-dark: #121212;\r\n        --card-bg: #1e1e1e;\r\n        --text-color: #f0f0f0;\r\n    }\r\n\r\n    .policy-wrapper {\r\n        font-family: 'Poppins', sans-serif;\r\n        background-color: var(--bg-dark);\r\n        color: var(--text-color);\r\n        padding: 40px 20px;\r\n        border-radius: 20px;\r\n        max-width: 900px;\r\n        margin: 20px auto;\r\n        line-height: 1.8;\r\n    }\r\n\r\n    .policy-header {\r\n        text-align: center;\r\n        margin-bottom: 50px;\r\n    }\r\n\r\n    .policy-header h1 {\r\n        font-size: 3rem;\r\n        background: linear-gradient(to right, var(--primary-glow), var(--secondary-glow));\r\n        -webkit-background-clip: text;\r\n        -webkit-text-fill-color: transparent;\r\n        text-transform: uppercase;\r\n        letter-spacing: 2px;\r\n    }\r\n\r\n    .policy-grid {\r\n        display: grid;\r\n        grid-template-columns: repeat(auto-fit, minmax(280px, 1fr));\r\n        gap: 25px;\r\n    }\r\n\r\n    .policy-card {\r\n        background: var(--card-bg);\r\n        padding: 30px;\r\n        border-radius: 15px;\r\n        border: 1px solid #333;\r\n        transition: all 0.3s ease;\r\n        position: relative;\r\n        overflow: hidden;\r\n    }\r\n\r\n    .policy-card:hover {\r\n        transform: translateY(-10px);\r\n        border-color: var(--primary-glow);\r\n        box-shadow: 0 10px 30px rgba(0, 210, 255, 0.2);\r\n    }\r\n\r\n    .policy-card h2 {\r\n        color: var(--primary-glow);\r\n        font-size: 1.4rem;\r\n        margin-bottom: 15px;\r\n        display: flex;\r\n        align-items: center;\r\n    }\r\n\r\n    .policy-card h2 i {\r\n        margin-right: 10px;\r\n    }\r\n\r\n    .policy-card p {\r\n        font-size: 0.95rem;\r\n        opacity: 0.8;\r\n    }\r\n\r\n    .highlight-bar {\r\n        height: 4px;\r\n        width: 50px;\r\n        background: var(--primary-glow);\r\n        margin-bottom: 20px;\r\n        border-radius: 2px;\r\n    }\r\n\r\n    .contact-footer {\r\n        text-align: center;\r\n        margin-top: 50px;\r\n        padding: 30px;\r\n        border-top: 1px solid #333;\r\n    }\r\n\r\n    .btn-contact {\r\n        display: inline-block;\r\n        padding: 12px 30px;\r\n        background: linear-gradient(45deg, var(--primary-glow), var(--secondary-glow));\r\n        color: white;\r\n        text-decoration: none;\r\n        border-radius: 50px;\r\n        font-weight: bold;\r\n        transition: opacity 0.3s;\r\n    }\r\n\r\n    .btn-contact:hover {\r\n        opacity: 0.9;\r\n    }\r\n<\/style>\r\n\r\n<div class=\"policy-wrapper\">\r\n    <div class=\"policy-header\">\r\n        <h1>Pol\u00edtica de Devoluciones<\/h1>\r\n        <p>Transparencia total en cada sample y cada beat.<\/p>\r\n    <\/div>\r\n\r\n    <div class=\"policy-grid\">\r\n        <div class=\"policy-card\">\r\n            <div class=\"highlight-bar\"><\/div>\r\n            <h2>01. Productos Digitales<\/h2>\r\n            <p>Debido a la naturaleza de las <strong>descargas digitales<\/strong>, una vez que el enlace se ha enviado, no podemos ofrecer reembolsos. Te recomendamos revisar los demos de audio antes de comprar.<\/p>\r\n        <\/div>\r\n\r\n        <div class=\"policy-card\">\r\n            <div class=\"highlight-bar\"><\/div>\r\n            <h2>02. Hardware (USB\/SD)<\/h2>\r\n            <p>Si compraste una librer\u00eda en formato f\u00edsico, tienes <strong>15 d\u00edas<\/strong> para reportar fallos t\u00e9cnicos. El dispositivo debe estar en su empaque original y sin signos de uso para cambios. Mandamos otro para reemplazar el original.<\/p>\r\n        <\/div>\r\n\r\n        <div class=\"policy-card\">\r\n            <div class=\"highlight-bar\"><\/div>\r\n            <h2>03. Soporte T\u00e9cnico<\/h2>\r\n            <p>\u00bfProblemas de instalaci\u00f3n? Antes de pedir una devoluci\u00f3n, contacta a nuestro equipo. Resolvemos el 99% de los problemas de compatibilidad con Korg, Yamaha y Roland.<\/p>\r\n        <\/div>\r\n\r\n        <div class=\"policy-card\">\r\n            <div class=\"highlight-bar\"><\/div>\r\n            <h2>04. Excepciones<\/h2>\r\n            <p>Solo se procesar\u00e1n reembolsos en casos de <strong>compras duplicadas<\/strong> por error del sistema o si el archivo digital est\u00e1 corrupto y no podemos reemplazarlo.<\/p>\r\n        <\/div>\r\n    <\/div>\r\n\r\n    <div class=\"contact-footer\">\r\n        <h3>\u00bfTienes dudas sobre tu pedido?<\/h3>\r\n        <p>Estamos aqu\u00ed para ayudarte a sonar profesional.<\/p>\r\n        <br>\r\n        <a href=\"mailto:info@jbelizstudio.com\" class=\"btn-contact\">Contactar Soporte<\/a>\r\n    <\/div>\r\n<\/div>\t\t\t\t<\/div>\n\t\t\t\t\t<\/div>\n\t\t\t\t<\/div>\n\t\t\t\t<\/div>","protected":false},"excerpt":{"rendered":"<p>Pol\u00edtica de Devoluciones Transparencia total en cada sample y cada beat. 01. Productos Digitales Debido a la naturaleza de las descargas digitales, una vez que el enlace se ha enviado, no podemos ofrecer reembolsos. Te recomendamos revisar los demos de audio antes de comprar. 02. Hardware (USB\/SD) Si compraste una librer\u00eda en formato f\u00edsico, tienes [&hellip;]<\/p>\n","protected":false},"author":1,"featured_media":0,"parent":0,"menu_order":0,"comment_status":"closed","ping_status":"closed","template":"","meta":{"footnotes":""},"class_list":["post-18","page","type-page","status-publish","hentry"],"_hostinger_reach_plugin_has_subscription_block":false,"_hostinger_reach_plugin_is_elementor":false,"_links":{"self":[{"href":"https:\/\/jbelizstudio.com\/en\/wp-json\/wp\/v2\/pages\/18","targetHints":{"allow":["GET"]}}],"collection":[{"href":"https:\/\/jbelizstudio.com\/en\/wp-json\/wp\/v2\/pages"}],"about":[{"href":"https:\/\/jbelizstudio.com\/en\/wp-json\/wp\/v2\/types\/page"}],"author":[{"embeddable":true,"href":"https:\/\/jbelizstudio.com\/en\/wp-json\/wp\/v2\/users\/1"}],"replies":[{"embeddable":true,"href":"https:\/\/jbelizstudio.com\/en\/wp-json\/wp\/v2\/comments?post=18"}],"version-history":[{"count":12,"href":"https:\/\/jbelizstudio.com\/en\/wp-json\/wp\/v2\/pages\/18\/revisions"}],"predecessor-version":[{"id":1038,"href":"https:\/\/jbelizstudio.com\/en\/wp-json\/wp\/v2\/pages\/18\/revisions\/1038"}],"wp:attachment":[{"href":"https:\/\/jbelizstudio.com\/en\/wp-json\/wp\/v2\/media?parent=18"}],"curies":[{"name":"wp","href":"https:\/\/api.w.org\/{rel}","templated":true}]}}