{"id":1207,"date":"2026-03-20T20:49:23","date_gmt":"2026-03-20T20:49:23","guid":{"rendered":"https:\/\/jbelizstudio.com\/?post_type=product&#038;p=1207"},"modified":"2026-03-21T01:05:53","modified_gmt":"2026-03-21T01:05:53","slug":"korg-kronos-disco-solido","status":"publish","type":"product","link":"https:\/\/jbelizstudio.com\/en\/product\/korg-kronos-disco-solido\/","title":{"rendered":"Korg Kronos Solid State Drive"},"content":{"rendered":"<h2 data-path-to-node=\"2\">Disco de Estado S\u00f3lido (SSD) para Korg Kronos (1, 2 y 3)<\/h2>\n<p data-path-to-node=\"3\">Actualiza o repara el almacenamiento de tu workstation con nuestros discos de estado s\u00f3lido de alta velocidad, optimizados espec\u00edficamente para la l\u00ednea Korg Kronos. Ya sea que busques expandir tu capacidad de muestras (samples) o reemplazar un disco averiado, tenemos la soluci\u00f3n exacta para cada generaci\u00f3n.<\/p>\n<p data-path-to-node=\"3\">Cada Disco vendra con la instalacion del OS Sistema Operativa original.<\/p>\n<h3 data-path-to-node=\"4\">Opciones Disponibles:<\/h3>\n<ul data-path-to-node=\"5\">\n<li>\n<p data-path-to-node=\"5,0,0\"><b data-path-to-node=\"5,0,0\" data-index-in-node=\"0\">Para Korg Kronos 1, X y Kronos 2:<\/b><\/p>\n<ul data-path-to-node=\"5,0,1\">\n<li>\n<p data-path-to-node=\"5,0,1,0,0\"><b data-path-to-node=\"5,0,1,0,0\" data-index-in-node=\"0\">Tipo:<\/b> SSD SATA Standard.<\/p>\n<\/li>\n<li>\n<p data-path-to-node=\"5,0,1,1,0\"><b data-path-to-node=\"5,0,1,1,0\" data-index-in-node=\"0\">Funci\u00f3n:<\/b> Ideal para <b data-path-to-node=\"5,0,1,1,0\" data-index-in-node=\"20\">Upgrade<\/b> (aumentar la capacidad de almacenamiento) o reemplazo t\u00e9cnico. Mejora los tiempos de carga de tus librer\u00edas de sonidos m\u00e1s pesadas.<\/p>\n<\/li>\n<li>Ocupas tener tus archivos de re-autorizacion para tu modelo para activarlo.<\/li>\n<\/ul>\n<\/li>\n<li>\n<p data-path-to-node=\"5,1,0\"><b data-path-to-node=\"5,1,0\" data-index-in-node=\"0\">Para Korg Kronos 3:<\/b><\/p>\n<ul data-path-to-node=\"5,1,1\">\n<li>\n<p data-path-to-node=\"5,1,1,0,0\"><b data-path-to-node=\"5,1,1,0,0\" data-index-in-node=\"0\">Tipo:<\/b> mSATA Drive.<\/p>\n<\/li>\n<li>\n<p data-path-to-node=\"5,1,1,1,0\"><b data-path-to-node=\"5,1,1,1,0\" data-index-in-node=\"0\">Funci\u00f3n:<\/b> <b data-path-to-node=\"5,1,1,1,0\" data-index-in-node=\"9\">Reemplazo directo<\/b> (Replacement) de alta fidelidad para mantener tu equipo funcionando con los est\u00e1ndares de f\u00e1brica.<\/p>\n<\/li>\n<li>Vendra instalado el OS Sistema Operativa original solamente no incluye samples, plug y play.<\/li>\n<li>Ocupas tener tus archivos de re-autorizacion para tu modelo para activarlo.<\/li>\n<li>Una nota el Korg Kronos 3 no reconoce mas de los 128gb aunque le instalas una capacidad mas grande.<\/li>\n<\/ul>\n<\/li>\n<\/ul>\n<hr data-path-to-node=\"6\" \/>\n<h3 data-path-to-node=\"7\">Beneficios de esta Actualizaci\u00f3n:<\/h3>\n<ol start=\"1\" data-path-to-node=\"8\">\n<li>\n<p data-path-to-node=\"8,0,0\"><b data-path-to-node=\"8,0,0\" data-index-in-node=\"0\">Velocidad Superior:<\/b> Reduce dr\u00e1sticamente el tiempo de espera al encender el teclado y cargar &#8220;Set Lists&#8221;.<\/p>\n<\/li>\n<li>\n<p data-path-to-node=\"8,1,0\"><b data-path-to-node=\"8,1,0\" data-index-in-node=\"0\">Alta Durabilidad:<\/b> Al no tener partes m\u00f3viles (a diferencia de los discos duros antiguos), es resistente a las vibraciones de los escenarios y traslados.<\/p>\n<\/li>\n<li>\n<p data-path-to-node=\"8,2,0\"><b data-path-to-node=\"8,2,0\" data-index-in-node=\"0\">Compatibilidad Garantizada:<\/b> Formateados y probados para trabajar con el sistema operativo de Korg.<\/p>\n<\/li>\n<\/ol>\n<blockquote data-path-to-node=\"9\">\n<p data-path-to-node=\"9,0\"><b data-path-to-node=\"9,0\" data-index-in-node=\"0\">Nota importante:<\/b> Por favor, aseg\u00farate de seleccionar el modelo correcto (SATA o mSATA) seg\u00fan la versi\u00f3n de tu Kronos al realizar la compra.<\/p>\n<\/blockquote>","protected":false},"excerpt":{"rendered":"<p>Disco de Estado S\u00f3lido (SSD) para Korg Kronos (1, 2 y 3) Actualiza o repara el almacenamiento de tu workstation con nuestros discos de estado s\u00f3lido de alta velocidad, optimizados espec\u00edficamente para la l\u00ednea Korg Kronos. Ya sea que busques expandir tu capacidad de muestras (samples) o reemplazar un disco averiado, tenemos la soluci\u00f3n exacta [&hellip;]<\/p>\n","protected":false},"featured_media":1219,"comment_status":"open","ping_status":"closed","template":"","meta":[],"product_brand":[44],"product_cat":[29],"product_tag":[],"class_list":{"0":"post-1207","1":"product","2":"type-product","3":"status-publish","4":"has-post-thumbnail","6":"product_brand-jbeliz-studio","7":"product_cat-korg-kronos","9":"first","10":"instock","11":"taxable","12":"shipping-taxable","13":"purchasable","14":"product-type-variable"},"_links":{"self":[{"href":"https:\/\/jbelizstudio.com\/en\/wp-json\/wp\/v2\/product\/1207","targetHints":{"allow":["GET"]}}],"collection":[{"href":"https:\/\/jbelizstudio.com\/en\/wp-json\/wp\/v2\/product"}],"about":[{"href":"https:\/\/jbelizstudio.com\/en\/wp-json\/wp\/v2\/types\/product"}],"replies":[{"embeddable":true,"href":"https:\/\/jbelizstudio.com\/en\/wp-json\/wp\/v2\/comments?post=1207"}],"wp:featuredmedia":[{"embeddable":true,"href":"https:\/\/jbelizstudio.com\/en\/wp-json\/wp\/v2\/media\/1219"}],"wp:attachment":[{"href":"https:\/\/jbelizstudio.com\/en\/wp-json\/wp\/v2\/media?parent=1207"}],"wp:term":[{"taxonomy":"product_brand","embeddable":true,"href":"https:\/\/jbelizstudio.com\/en\/wp-json\/wp\/v2\/product_brand?post=1207"},{"taxonomy":"product_cat","embeddable":true,"href":"https:\/\/jbelizstudio.com\/en\/wp-json\/wp\/v2\/product_cat?post=1207"},{"taxonomy":"product_tag","embeddable":true,"href":"https:\/\/jbelizstudio.com\/en\/wp-json\/wp\/v2\/product_tag?post=1207"}],"curies":[{"name":"wp","href":"https:\/\/api.w.org\/{rel}","templated":true}]}}