{"id":1352,"date":"2026-03-25T22:23:08","date_gmt":"2026-03-25T22:23:08","guid":{"rendered":"https:\/\/jbelizstudio.com\/?post_type=product&#038;p=1352"},"modified":"2026-04-10T12:35:27","modified_gmt":"2026-04-10T12:35:27","slug":"pss470-tuba-pack-montage","status":"publish","type":"product","link":"https:\/\/jbelizstudio.com\/en\/product\/pss470-tuba-pack-montage\/","title":{"rendered":"PSS470 Tuba Pack (Montage\/Modx)"},"content":{"rendered":"<h3 data-pm-slice=\"1 1 []\"><strong>Tuba PSS-470 (Edici\u00f3n Dinast\u00eda de Tuzantla) para Yamaha Montage y Modx<\/strong><\/h3>\n<p>Lleva el alma de Tierra Caliente a tu teclado con el sonido de tuba m\u00e1s reconocido en el g\u00e9nero regional mexicano. Este pack captura la esencia del <strong>Yamaha PSS-470<\/strong>, el legendario teclado &#8220;chiquito&#8221; que defini\u00f3 el sonido de la tuba el\u00e9ctrica en agrupaciones como <strong>La Dinast\u00eda de Tuzantla<\/strong>.<\/p>\n<p><strong>\u00bfQu\u00e9 incluye este pack?<\/strong><\/p>\n<ul>\n<li><strong>Tuba Original PSS-470:<\/strong> Samples directos del hardware original, capturando ese tono &#8220;pastoso&#8221; y con cuerpo que es imposible de imitar con sintetizadores est\u00e1ndar.<\/li>\n<li><strong>Variaciones Estilo Dinast\u00eda:<\/strong> Diferentes articulaciones y combinaciones que recrean los fraseos cl\u00e1sicos de los \u00e9xitos de Tuzantla, permiti\u00e9ndote tocar con la misma potencia y brillo.<\/li>\n<li><strong>Sonidos de Apoyo:<\/strong> Adem\u00e1s de la tuba principal, incluye variaciones con el sustain y ataque ajustados para diferentes ritmos (zapateados, valses y rancheras).<\/li>\n<\/ul>\n<p><strong>Caracter\u00edsticas principales:<\/strong><\/p>\n<ul>\n<li><strong>Fidelidad Aut\u00e9ntica:<\/strong> Grabado en alta resoluci\u00f3n para preservar el car\u00e1cter lo-fi pero potente del PSS-470 original.<\/li>\n<li><strong>Optimizaci\u00f3n para Montage y Modx:<\/strong> Totalmente mapeado para el motor de Yamaha, con una respuesta al tacto que permite ejecutar los adornos y notas r\u00e1pidas con total fluidez.<\/li>\n<li><strong>Presencia en Mezcla:<\/strong> Sonidos ecualizados profesionalmente para que la tuba destaque tanto en grabaciones de estudio como en presentaciones en vivo.<\/li>\n<\/ul>\n<p>&nbsp;<\/p>","protected":false},"excerpt":{"rendered":"<div style=\"max-width: 300px;\">\n<div style=\"max-width: 300px;\">\n<p><audio class=\"wp-audio-shortcode\" id=\"audio-1352-1\" preload=\"none\" style=\"width: 100%;\" controls=\"controls\"><source type=\"audio\/mpeg\" src=\"https:\/\/jbelizstudio.com\/wp-content\/uploads\/2026\/03\/Tubas-PSS470.mp3?_=1\" \/><a href=\"https:\/\/jbelizstudio.com\/wp-content\/uploads\/2026\/03\/Tubas-PSS470.mp3\">https:\/\/jbelizstudio.com\/wp-content\/uploads\/2026\/03\/Tubas-PSS470.mp3<\/a><\/audio><\/p>\n<\/div>\n<\/div>\n<ul>\n<li>Samples de los mejores Tubas del PSS470<\/li>\n<li>High Fidelity Samples<\/li>\n<li>Digital Download or USB Flash Drive Shipment<\/li>\n<\/ul>","protected":false},"featured_media":587,"comment_status":"open","ping_status":"closed","template":"","meta":[],"product_brand":[44],"product_cat":[48,36],"product_tag":[],"class_list":{"0":"post-1352","1":"product","2":"type-product","3":"status-publish","4":"has-post-thumbnail","6":"product_brand-jbeliz-studio","7":"product_cat-yamaha-modx","8":"product_cat-yamaha-montage","10":"first","11":"instock","12":"sale","13":"sold-individually","14":"taxable","15":"shipping-taxable","16":"purchasable","17":"product-type-variable"},"_links":{"self":[{"href":"https:\/\/jbelizstudio.com\/en\/wp-json\/wp\/v2\/product\/1352","targetHints":{"allow":["GET"]}}],"collection":[{"href":"https:\/\/jbelizstudio.com\/en\/wp-json\/wp\/v2\/product"}],"about":[{"href":"https:\/\/jbelizstudio.com\/en\/wp-json\/wp\/v2\/types\/product"}],"replies":[{"embeddable":true,"href":"https:\/\/jbelizstudio.com\/en\/wp-json\/wp\/v2\/comments?post=1352"}],"wp:featuredmedia":[{"embeddable":true,"href":"https:\/\/jbelizstudio.com\/en\/wp-json\/wp\/v2\/media\/587"}],"wp:attachment":[{"href":"https:\/\/jbelizstudio.com\/en\/wp-json\/wp\/v2\/media?parent=1352"}],"wp:term":[{"taxonomy":"product_brand","embeddable":true,"href":"https:\/\/jbelizstudio.com\/en\/wp-json\/wp\/v2\/product_brand?post=1352"},{"taxonomy":"product_cat","embeddable":true,"href":"https:\/\/jbelizstudio.com\/en\/wp-json\/wp\/v2\/product_cat?post=1352"},{"taxonomy":"product_tag","embeddable":true,"href":"https:\/\/jbelizstudio.com\/en\/wp-json\/wp\/v2\/product_tag?post=1352"}],"curies":[{"name":"wp","href":"https:\/\/api.w.org\/{rel}","templated":true}]}}