{"id":136,"date":"2026-03-04T15:56:19","date_gmt":"2026-03-04T15:56:19","guid":{"rendered":"https:\/\/jbelizstudio.com\/product\/crumar-orquestrator-montage-modx\/"},"modified":"2026-03-20T19:00:20","modified_gmt":"2026-03-20T19:00:20","slug":"crumar-orquestrator-montage-modx","status":"publish","type":"product","link":"https:\/\/jbelizstudio.com\/en\/product\/crumar-orquestrator-montage-modx\/","title":{"rendered":"Crumar Orchestrator (Montage\/MODX)"},"content":{"rendered":"<p data-pm-slice=\"1 1 []\">Crumar Orchestrator Legacy: El Sonido de Bronco y Selva Negra (Para Montage\/Modx 6\/7\/8)<\/p>\n<p><strong>Descripci\u00f3n:<\/strong><\/p>\n<p>\u00a1Viaja a la \u00e9poca de oro de la m\u00fasica grupera! Traemos para tu Montage\/Modx el sonido inconfundible del <strong>Crumar Orchestrator (Multiman)<\/strong>, la joya anal\u00f3gica italiana que defini\u00f3 el estilo de las grandes agrupaciones de M\u00e9xico y Latinoam\u00e9rica.<\/p>\n<p><strong>\u00bfPor qu\u00e9 es indispensable este paquete?<\/strong> Si buscas ese sonido &#8220;vintage&#8221; aut\u00e9ntico que no se encuentra en los teclados modernos, esta colecci\u00f3n es para ti.<\/p>\n<ul>\n<li><strong>El Arma Secreta de (Bronco):<\/strong> Este es el teclado legendario que us\u00f3 <strong>Ramiro Delgado<\/strong> en los inicios de <strong>Bronco<\/strong>. Obt\u00e9n esos pianos y metales (Brass) nost\u00e1lgicos que escuchaste en sus primeros \u00e9xitos y baladas inmortales.<\/li>\n<li><strong>Estilo Selva Negra:<\/strong> Recrea con exactitud las texturas y ambientes utilizados por <strong>Selva Negra<\/strong>. Los samples han sido capturados para respetar esa calidez \u00fanica que es fundamental para la cumbia y la m\u00fasica rom\u00e1ntica grupera.<\/li>\n<li><strong>Sonido de Leyenda:<\/strong> Adem\u00e1s de Bronco y Selva Negra, el Crumar Orchestrator fue pieza clave para grupos como <strong>Los Plebeyos<\/strong> y en temas cl\u00e1sicos de <strong>Rigo Tovar<\/strong>. Es el sonido de la nostalgia pura.<\/li>\n<\/ul>\n<p><strong>Incluye los 5 Presets Originales:<\/strong> Hemos sampleado meticulosamente cada secci\u00f3n del instrumento original para darte la experiencia completa:<\/p>\n<ol>\n<li><strong>Piano:<\/strong> El sonido percusivo y brillante cl\u00e1sico.<\/li>\n<li><strong>Clavichord:<\/strong> Textura funky y nasal.<\/li>\n<li><strong>Brass (Metales):<\/strong> C\u00e1lidos, con ese filtro anal\u00f3gico inigualable.<\/li>\n<li><strong>Violin:<\/strong> Cuerdas suaves y envolventes.<\/li>\n<li><strong>Cello:<\/strong> Graves profundos y ricos.<\/li>\n<\/ol>\n<p><strong>Caracter\u00edsticas:<\/strong><\/p>\n<ul>\n<li>Sampleado notas del teclado original.<\/li>\n<li>Programado espec\u00edficamente para el motor del Yamaha Montage\/Modx.<\/li>\n<li>Listo para tocar en vivo o en estudio.<\/li>\n<\/ul>\n<p>\u00a1Recupera el sonido que hizo historia y ponlo en tus manos hoy mismo!<\/p>","protected":false},"excerpt":{"rendered":"<div style=\"max-width: 250px;\">\n<p><audio class=\"wp-audio-shortcode\" id=\"audio-136-1\" preload=\"none\" style=\"width: 100%;\" controls=\"controls\"><source type=\"audio\/mpeg\" src=\"https:\/\/jbelizstudio.com\/wp-content\/uploads\/2026\/03\/CRUM-AR-SOUND-CLIP.mp3?_=1\" \/><a href=\"https:\/\/jbelizstudio.com\/wp-content\/uploads\/2026\/03\/CRUM-AR-SOUND-CLIP.mp3\">https:\/\/jbelizstudio.com\/wp-content\/uploads\/2026\/03\/CRUM-AR-SOUND-CLIP.mp3<\/a><\/audio><\/p>\n<\/div>\n<ul>\n<li>\n<p data-path-to-node=\"2,0,0\"><b data-path-to-node=\"2,0,0\" data-index-in-node=\"0\">Sonido Anal\u00f3gico Legendario<\/b><\/p>\n<\/li>\n<li>\n<p data-path-to-node=\"2,1,0\"><b data-path-to-node=\"2,1,0\" data-index-in-node=\"0\">5 Presets Originales:<\/b> <b data-path-to-node=\"2,1,0\" data-index-in-node=\"65\">Piano<\/b>, <b data-path-to-node=\"2,1,0\" data-index-in-node=\"72\">Clavichord<\/b>, <b data-path-to-node=\"2,1,0\" data-index-in-node=\"84\">Brass<\/b>, <b data-path-to-node=\"2,1,0\" data-index-in-node=\"91\">Violin<\/b> y <b data-path-to-node=\"2,1,0\" data-index-in-node=\"100\">Cello<\/b><\/p>\n<\/li>\n<li><strong>Digital Download or USB Flash Drive Shipment<\/strong><\/li>\n<\/ul>","protected":false},"featured_media":593,"comment_status":"open","ping_status":"closed","template":"","meta":[],"product_brand":[44],"product_cat":[48,36],"product_tag":[],"class_list":{"0":"post-136","1":"product","2":"type-product","3":"status-publish","4":"has-post-thumbnail","6":"product_brand-jbeliz-studio","7":"product_cat-yamaha-modx","8":"product_cat-yamaha-montage","10":"first","11":"instock","12":"sold-individually","13":"taxable","14":"shipping-taxable","15":"purchasable","16":"product-type-variable"},"_links":{"self":[{"href":"https:\/\/jbelizstudio.com\/en\/wp-json\/wp\/v2\/product\/136","targetHints":{"allow":["GET"]}}],"collection":[{"href":"https:\/\/jbelizstudio.com\/en\/wp-json\/wp\/v2\/product"}],"about":[{"href":"https:\/\/jbelizstudio.com\/en\/wp-json\/wp\/v2\/types\/product"}],"replies":[{"embeddable":true,"href":"https:\/\/jbelizstudio.com\/en\/wp-json\/wp\/v2\/comments?post=136"}],"wp:featuredmedia":[{"embeddable":true,"href":"https:\/\/jbelizstudio.com\/en\/wp-json\/wp\/v2\/media\/593"}],"wp:attachment":[{"href":"https:\/\/jbelizstudio.com\/en\/wp-json\/wp\/v2\/media?parent=136"}],"wp:term":[{"taxonomy":"product_brand","embeddable":true,"href":"https:\/\/jbelizstudio.com\/en\/wp-json\/wp\/v2\/product_brand?post=136"},{"taxonomy":"product_cat","embeddable":true,"href":"https:\/\/jbelizstudio.com\/en\/wp-json\/wp\/v2\/product_cat?post=136"},{"taxonomy":"product_tag","embeddable":true,"href":"https:\/\/jbelizstudio.com\/en\/wp-json\/wp\/v2\/product_tag?post=136"}],"curies":[{"name":"wp","href":"https:\/\/api.w.org\/{rel}","templated":true}]}}