{"id":1368,"date":"2026-03-26T14:22:54","date_gmt":"2026-03-26T14:22:54","guid":{"rendered":"https:\/\/jbelizstudio.com\/?post_type=product&#038;p=1368"},"modified":"2026-03-26T21:53:25","modified_gmt":"2026-03-26T21:53:25","slug":"grupero-pack-samples-montage","status":"publish","type":"product","link":"https:\/\/jbelizstudio.com\/en\/product\/grupero-pack-samples-montage\/","title":{"rendered":"Grupero Pack (Montage\/Modx)"},"content":{"rendered":"<h3 data-pm-slice=\"1 1 []\"><strong>Grupero Pack para Yamaha Montage y Modx<\/strong><\/h3>\n<p>Lleva el sonido aut\u00e9ntico de la onda grupera a tu <strong>Yamaha Montage y Modx<\/strong>\u00a0con esta colecci\u00f3n exclusiva de samples de alta calidad. Este pack ha sido dise\u00f1ado para m\u00fasicos que buscan recrear los \u00e9xitos cl\u00e1sicos de los 90s y 2000s con la m\u00e1xima fidelidad sonora.<\/p>\n<p><strong>Caracter\u00edsticas principales:<\/strong><\/p>\n<ul>\n<li><strong>Sonidos Legendarios:<\/strong> Incluye una selecci\u00f3n meticulosa de los sonidos m\u00e1s ic\u00f3nicos de sintetizadores cl\u00e1sicos como el <strong>Roland D-50<\/strong>, el <strong>Korg O1\/W<\/strong>, el <strong>M1<\/strong> y el <strong>01W<\/strong>.<\/li>\n<li><strong>Texturas Gruperas Reales:<\/strong> Encontrar\u00e1s los famosos acordeones, metales (brass), pianos el\u00e9ctricos y pads que definieron el g\u00e9nero.<\/li>\n<li><strong>Optimizado para Montage y Modx:<\/strong> Cada sample ha sido editado y mapeado espec\u00edficamente para aprovechar el motor de s\u00edntesis de la serie Montage, garantizando una carga r\u00e1pida y una respuesta t\u00e1ctil profesional.<\/li>\n<li><strong>Ready for the Stage:<\/strong> Programado para cortar a trav\u00e9s de la mezcla en vivo, ideal para grupos, bandas y presentaciones en solitario.<\/li>\n<\/ul>\n<p><strong>\u00bfQu\u00e9 incluye este pack?<\/strong><\/p>\n<ul>\n<li>Samples cl\u00e1sicos del <strong>D-50<\/strong> (Staccato Heaven, Fantasia, etc.)<\/li>\n<li>Sonidos esenciales del <strong>01W\/O1W<\/strong> (Dyno Piano, Organos, Trompetas)<\/li>\n<li>Combinaciones (Performances) listas para tocar.<\/li>\n<\/ul>\n<p>&nbsp;<\/p>","protected":false},"excerpt":{"rendered":"<ul>\n<li>Samples Gruperos Para Montage\/Modx<\/li>\n<li>High Fidelity Samples<\/li>\n<li>Digital Download or USB Flash Drive Shipment<\/li>\n<\/ul>","protected":false},"featured_media":1371,"comment_status":"open","ping_status":"closed","template":"","meta":[],"product_brand":[44],"product_cat":[48,36],"product_tag":[],"class_list":{"0":"post-1368","1":"product","2":"type-product","3":"status-publish","4":"has-post-thumbnail","6":"product_brand-jbeliz-studio","7":"product_cat-yamaha-modx","8":"product_cat-yamaha-montage","10":"first","11":"instock","12":"taxable","13":"shipping-taxable","14":"purchasable","15":"product-type-variable"},"_links":{"self":[{"href":"https:\/\/jbelizstudio.com\/en\/wp-json\/wp\/v2\/product\/1368","targetHints":{"allow":["GET"]}}],"collection":[{"href":"https:\/\/jbelizstudio.com\/en\/wp-json\/wp\/v2\/product"}],"about":[{"href":"https:\/\/jbelizstudio.com\/en\/wp-json\/wp\/v2\/types\/product"}],"replies":[{"embeddable":true,"href":"https:\/\/jbelizstudio.com\/en\/wp-json\/wp\/v2\/comments?post=1368"}],"wp:featuredmedia":[{"embeddable":true,"href":"https:\/\/jbelizstudio.com\/en\/wp-json\/wp\/v2\/media\/1371"}],"wp:attachment":[{"href":"https:\/\/jbelizstudio.com\/en\/wp-json\/wp\/v2\/media?parent=1368"}],"wp:term":[{"taxonomy":"product_brand","embeddable":true,"href":"https:\/\/jbelizstudio.com\/en\/wp-json\/wp\/v2\/product_brand?post=1368"},{"taxonomy":"product_cat","embeddable":true,"href":"https:\/\/jbelizstudio.com\/en\/wp-json\/wp\/v2\/product_cat?post=1368"},{"taxonomy":"product_tag","embeddable":true,"href":"https:\/\/jbelizstudio.com\/en\/wp-json\/wp\/v2\/product_tag?post=1368"}],"curies":[{"name":"wp","href":"https:\/\/api.w.org\/{rel}","templated":true}]}}