{"id":1376,"date":"2026-03-26T16:24:21","date_gmt":"2026-03-26T16:24:21","guid":{"rendered":"https:\/\/jbelizstudio.com\/?post_type=product&#038;p=1376"},"modified":"2026-04-07T19:21:28","modified_gmt":"2026-04-07T19:21:28","slug":"k2000-pack-montage","status":"publish","type":"product","link":"https:\/\/jbelizstudio.com\/en\/product\/k2000-pack-montage\/","title":{"rendered":"K2000 Pack (Montage\/Modx)"},"content":{"rendered":"<h3 data-pm-slice=\"1 1 []\"><strong>(Kurzweil K2000) para Yamaha Montage\/Modx<\/strong><\/h3>\n<p>\u00a1El sonido aut\u00e9ntico de &#8220;Los Caballeros de la Noche&#8221; llega a tu Yamaha! Este pack de samples ha sido recreado meticulosamente a partir del legendario <strong>Kurzweil K2000<\/strong>, el sintetizador que defini\u00f3 el estilo rom\u00e1ntico y grupero de <strong>Los Acosta<\/strong>.<\/p>\n<p>Si buscas esa textura \u00fanica, brillante y elegante que caracteriza los \u00e9xitos de los hermanos Acosta, este pack es indispensable para tu arsenal sonoro.<\/p>\n<p><strong>Sonidos Destacados Incluidos:<\/strong><\/p>\n<ul>\n<li><strong>Night Ryder:<\/strong> El sonido de sintetizador m\u00e1s emblem\u00e1tico, listo para tocar los intros y pasajes m\u00e1s famosos de la agrupaci\u00f3n.<\/li>\n<li><strong>Sonidos\u00a0<\/strong>cristalinos que acompa\u00f1an las baladas rom\u00e1nticas m\u00e1s recordadas.<\/li>\n<li><strong>Strings y Pads Et\u00e9reos:<\/strong> Las capas de cuerdas y atm\u00f3sferas que le dan ese cuerpo &#8220;espacial&#8221; y profesional a las grabaciones originales.<\/li>\n<\/ul>\n<p><strong>Caracter\u00edsticas del Pack:<\/strong><\/p>\n<ul>\n<li><strong>Fidelidad Original:<\/strong> Samples capturados directamente del hardware Kurzweil para mantener el car\u00e1cter y la calidez del motor V.A.S.T.<\/li>\n<li><strong>Optimizado para Montage y Modx:<\/strong> Cada voz ha sido mapeada y ajustada para el teclado Yamaha, aprovechando su sensibilidad y efectos para una ejecuci\u00f3n perfecta.<\/li>\n<li><strong>Ideal para Tributos y Covers:<\/strong> Dise\u00f1ado espec\u00edficamente para m\u00fasicos que exigen el sonido real de la onda grupera rom\u00e1ntica.<\/li>\n<\/ul>","protected":false},"excerpt":{"rendered":"<ul>\n<li>Samples Del famoso Kurzweil K2000<\/li>\n<li>High Fidelity Samples<\/li>\n<li>Descarga Digital o Envio de Memoria fisica<\/li>\n<\/ul>","protected":false},"featured_media":1379,"comment_status":"open","ping_status":"closed","template":"","meta":[],"product_brand":[44],"product_cat":[48,36],"product_tag":[],"class_list":{"0":"post-1376","1":"product","2":"type-product","3":"status-publish","4":"has-post-thumbnail","6":"product_brand-jbeliz-studio","7":"product_cat-yamaha-modx","8":"product_cat-yamaha-montage","10":"first","11":"instock","12":"sale","13":"sold-individually","14":"taxable","15":"shipping-taxable","16":"purchasable","17":"product-type-variable"},"_links":{"self":[{"href":"https:\/\/jbelizstudio.com\/en\/wp-json\/wp\/v2\/product\/1376","targetHints":{"allow":["GET"]}}],"collection":[{"href":"https:\/\/jbelizstudio.com\/en\/wp-json\/wp\/v2\/product"}],"about":[{"href":"https:\/\/jbelizstudio.com\/en\/wp-json\/wp\/v2\/types\/product"}],"replies":[{"embeddable":true,"href":"https:\/\/jbelizstudio.com\/en\/wp-json\/wp\/v2\/comments?post=1376"}],"wp:featuredmedia":[{"embeddable":true,"href":"https:\/\/jbelizstudio.com\/en\/wp-json\/wp\/v2\/media\/1379"}],"wp:attachment":[{"href":"https:\/\/jbelizstudio.com\/en\/wp-json\/wp\/v2\/media?parent=1376"}],"wp:term":[{"taxonomy":"product_brand","embeddable":true,"href":"https:\/\/jbelizstudio.com\/en\/wp-json\/wp\/v2\/product_brand?post=1376"},{"taxonomy":"product_cat","embeddable":true,"href":"https:\/\/jbelizstudio.com\/en\/wp-json\/wp\/v2\/product_cat?post=1376"},{"taxonomy":"product_tag","embeddable":true,"href":"https:\/\/jbelizstudio.com\/en\/wp-json\/wp\/v2\/product_tag?post=1376"}],"curies":[{"name":"wp","href":"https:\/\/api.w.org\/{rel}","templated":true}]}}