{"id":140,"date":"2026-03-04T15:56:19","date_gmt":"2026-03-04T15:56:19","guid":{"rendered":"https:\/\/jbelizstudio.com\/product\/korg-pa5x-latin-pack\/"},"modified":"2026-03-20T17:21:10","modified_gmt":"2026-03-20T17:21:10","slug":"korg-pa5x-latin-pack","status":"publish","type":"product","link":"https:\/\/jbelizstudio.com\/en\/product\/korg-pa5x-latin-pack\/","title":{"rendered":"Korg PA5X Latin Pack"},"content":{"rendered":"<h2 data-pm-slice=\"1 1 []\">Korg PA5X Latin Pack \u2013 Edici\u00f3n Profesional<\/h2>\n<p>Lleva el realismo de la m\u00fasica latina a tu <strong>Korg PA5X<\/strong> con nuestra colecci\u00f3n de samples de \u00faltima generaci\u00f3n. Este pack ha sido dise\u00f1ado espec\u00edficamente para aprovechar el motor de sonido avanzado del PA5X, ofreciendo texturas org\u00e1nicas, din\u00e1micas y con un &#8220;punch&#8221; inigualable en el escenario.<\/p>\n<h3>Contenido Destacado:<\/h3>\n<ul>\n<li><strong>Acordeones Premium:<\/strong> Registros limpios de acordeones reales (Gabanelli, Hohner) ideales para cumbia, vallenato y m\u00fasica regional.<\/li>\n<li><strong>Secci\u00f3n de Metales (Brass):<\/strong> Trompetas y saxofones que aprovechan la tecnolog\u00eda DNC (Defined Nuance Control) del PA5X.<\/li>\n<li><strong>Pianos y Teclados:<\/strong> Pianos brillantes &#8220;salseros&#8221; y sonidos cl\u00e1sicos de Korg, Roland y sintetizador optimizados para ritmos Gruperos.<\/li>\n<li>Organos clasicos del YC45, Organos Pegasseros del Hammond y Technics<\/li>\n<li>Samples del Kurzweil del Los Acosta..<\/li>\n<\/ul>\n<h3>Caracter\u00edsticas T\u00e9cnicas:<\/h3>\n<ul>\n<li><strong>Optimizaci\u00f3n PA5X:<\/strong> Los sonidos est\u00e1n mapeados para integrarse perfectamente con los efectos integrados y la polifon\u00eda del teclado.<\/li>\n<li><strong>Calidad de Estudio:<\/strong> Samples procesados para garantizar una claridad cristalina en sistemas de sonido de gran escala.<\/li>\n<li><strong>Carga Inmediata:<\/strong> Formato listo para importar v\u00eda USB, organizado para un acceso r\u00e1pido durante tus presentaciones en vivo.<\/li>\n<\/ul>\n<h3>\u00bfPor qu\u00e9 elegir este pack?<\/h3>\n<p>En <strong>JBELIZ STUDIO INC<\/strong>, entendemos que el m\u00fasico de PA5X busca lo mejor. Este pack no solo a\u00f1ade sonidos, transforma tu teclado en una orquesta latina real, d\u00e1ndote la confianza de que cada nota sonar\u00e1 profesional y aut\u00e9ntica.<\/p>\n<p>Esto es solo por sonidos no incluye ritmos.<\/p>","protected":false},"excerpt":{"rendered":"<ul>\n<li>Samples de Alta Fidelidad<\/li>\n<li>Samples Autenticos<\/li>\n<li>Digital Download or USB Flash Drive Shipment<\/li>\n<\/ul>","protected":false},"featured_media":607,"comment_status":"open","ping_status":"closed","template":"","meta":[],"product_brand":[44],"product_cat":[52],"product_tag":[],"class_list":{"0":"post-140","1":"product","2":"type-product","3":"status-publish","4":"has-post-thumbnail","6":"product_brand-jbeliz-studio","7":"product_cat-korg-pa5x","9":"first","10":"instock","11":"sold-individually","12":"taxable","13":"shipping-taxable","14":"purchasable","15":"product-type-variable"},"_links":{"self":[{"href":"https:\/\/jbelizstudio.com\/en\/wp-json\/wp\/v2\/product\/140","targetHints":{"allow":["GET"]}}],"collection":[{"href":"https:\/\/jbelizstudio.com\/en\/wp-json\/wp\/v2\/product"}],"about":[{"href":"https:\/\/jbelizstudio.com\/en\/wp-json\/wp\/v2\/types\/product"}],"replies":[{"embeddable":true,"href":"https:\/\/jbelizstudio.com\/en\/wp-json\/wp\/v2\/comments?post=140"}],"wp:featuredmedia":[{"embeddable":true,"href":"https:\/\/jbelizstudio.com\/en\/wp-json\/wp\/v2\/media\/607"}],"wp:attachment":[{"href":"https:\/\/jbelizstudio.com\/en\/wp-json\/wp\/v2\/media?parent=140"}],"wp:term":[{"taxonomy":"product_brand","embeddable":true,"href":"https:\/\/jbelizstudio.com\/en\/wp-json\/wp\/v2\/product_brand?post=140"},{"taxonomy":"product_cat","embeddable":true,"href":"https:\/\/jbelizstudio.com\/en\/wp-json\/wp\/v2\/product_cat?post=140"},{"taxonomy":"product_tag","embeddable":true,"href":"https:\/\/jbelizstudio.com\/en\/wp-json\/wp\/v2\/product_tag?post=140"}],"curies":[{"name":"wp","href":"https:\/\/api.w.org\/{rel}","templated":true}]}}