{"id":142,"date":"2026-03-04T15:56:19","date_gmt":"2026-03-04T15:56:19","guid":{"rendered":"https:\/\/jbelizstudio.com\/product\/akai-mpc-pegassero\/"},"modified":"2026-03-20T16:25:45","modified_gmt":"2026-03-20T16:25:45","slug":"akai-mpc-pegassero","status":"publish","type":"product","link":"https:\/\/jbelizstudio.com\/en\/product\/akai-mpc-pegassero\/","title":{"rendered":"Akai MPC Pegassero"},"content":{"rendered":"<h2 data-pm-slice=\"1 1 []\">Akai MPC Pegassero: La Colecci\u00f3n Definitiva de Cl\u00e1sicos<\/h2>\n<p>Eleva tus producciones con el <strong>Pegassero Pack<\/strong>, una librer\u00eda exclusiva dise\u00f1ada para productores que buscan el car\u00e1cter aut\u00e9ntico de m\u00e1quinas legendarias. Este pack combina la calidez anal\u00f3gica, el brillo digital de los 80 y la profundidad orquestal en un solo flujo de trabajo para tu Akai MPC.<\/p>\n<h3>\u00bfQu\u00e9 incluye este pack?<\/h3>\n<p>Hemos sampleado meticulosamente cuatro pilares de la historia musical para ofrecerte texturas \u00fanicas:<\/p>\n<ul>\n<li><strong>Hammond B200:<\/strong> El alma del rock y el gospel. Capturamos ese tono de \u00f3rgano electromec\u00e1nico con cuerpo y presencia, ideal para bajos profundos y acordes vibrantes.<\/li>\n<li><strong>Technics C600:<\/strong> Un toque de elegancia retro. Este teclado aporta sonidos de acompa\u00f1amiento y ritmos con ese encanto &#8220;vintage&#8221; que es dif\u00edcil de replicar con plugins est\u00e1ndar.<\/li>\n<li><strong>Kurzweil K2000:<\/strong> La potencia del sampling V.A.S.T. Disfruta de pads envolventes, pianos el\u00e9ctricos cristalinos y sonidos cinematogr\u00e1ficos que definieron una era de la s\u00edntesis profesional.<\/li>\n<li><strong>Roland D-50:<\/strong> El rey de la s\u00edntesis LA. A\u00f1ade a tu arsenal los ic\u00f3nicos sonidos et\u00e9reos, campanas y texturas digitales que dominaron los \u00e9xitos de los a\u00f1os 80 y 90.<\/li>\n<\/ul>\n<h3>Optimizado para tu flujo de trabajo Akai<\/h3>\n<ul>\n<li><strong>Formato Keygroup:<\/strong> Mapeado profesionalmente para que puedas tocar en todo el rango del teclado con transiciones naturales.<\/li>\n<li><strong>Compatibilidad Total:<\/strong> Listo para usar en <a class=\"ng-star-inserted\" href=\"https:\/\/jbelizstudio.com\/en\/\" target=\"_blank\" rel=\"noopener\">MPC One, Live II, X, Key 61<\/a> y software MPC de escritorio.<\/li>\n<li><strong>Alta Fidelidad:<\/strong> Samples grabados para garantizar la m\u00e1xima limpieza y calidez en tu mezcla.<\/li>\n<\/ul>\n<hr \/>\n<blockquote><p><strong>\u26a0\ufe0f NOTA IMPORTANTE SOBRE DESCARGAS DIGITALES:<\/strong> Este es un producto de <strong>descarga inmediata<\/strong>. Al ser un archivo digital, <strong>todas las ventas son finales y no se aceptan devoluciones<\/strong>. Por favor, aseg\u00farate de verificar la compatibilidad con tu sistema Akai antes de completar la compra.<\/p><\/blockquote>\n<hr \/>\n<blockquote><p><strong>Nota importante:<\/strong> Este es un producto de <strong>descarga digital<\/strong>. Al ser una entrega inmediata, no se aceptan devoluciones. Por favor, aseg\u00farate de que tu hardware es compatible antes de la compra.<\/p><\/blockquote>\n<p>&nbsp;<\/p>","protected":false},"excerpt":{"rendered":"<p><strong>Escucha Demo:<\/strong><\/p>\n<div style=\"max-width: 300px;\">\n<p><audio class=\"wp-audio-shortcode\" id=\"audio-142-1\" preload=\"none\" style=\"width: 100%;\" controls=\"controls\"><source type=\"audio\/mpeg\" src=\"https:\/\/jbelizstudio.com\/wp-content\/uploads\/2026\/03\/Pegasso-Pack.mp3?_=1\" \/><a href=\"https:\/\/jbelizstudio.com\/wp-content\/uploads\/2026\/03\/Pegasso-Pack.mp3\">https:\/\/jbelizstudio.com\/wp-content\/uploads\/2026\/03\/Pegasso-Pack.mp3<\/a><\/audio><\/p>\n<ul>\n<li>\u00a0Samples de Alta fidelidad<\/li>\n<li>Samples Autenticos.<\/li>\n<li>Descarga Digital o Envio de USB<\/li>\n<\/ul>\n<\/div>","protected":false},"featured_media":215,"comment_status":"open","ping_status":"closed","template":"","meta":[],"product_brand":[44],"product_cat":[37],"product_tag":[],"class_list":{"0":"post-142","1":"product","2":"type-product","3":"status-publish","4":"has-post-thumbnail","6":"product_brand-jbeliz-studio","7":"product_cat-akai-mpc","9":"first","10":"instock","11":"taxable","12":"shipping-taxable","13":"purchasable","14":"product-type-variable"},"_links":{"self":[{"href":"https:\/\/jbelizstudio.com\/en\/wp-json\/wp\/v2\/product\/142","targetHints":{"allow":["GET"]}}],"collection":[{"href":"https:\/\/jbelizstudio.com\/en\/wp-json\/wp\/v2\/product"}],"about":[{"href":"https:\/\/jbelizstudio.com\/en\/wp-json\/wp\/v2\/types\/product"}],"replies":[{"embeddable":true,"href":"https:\/\/jbelizstudio.com\/en\/wp-json\/wp\/v2\/comments?post=142"}],"wp:featuredmedia":[{"embeddable":true,"href":"https:\/\/jbelizstudio.com\/en\/wp-json\/wp\/v2\/media\/215"}],"wp:attachment":[{"href":"https:\/\/jbelizstudio.com\/en\/wp-json\/wp\/v2\/media?parent=142"}],"wp:term":[{"taxonomy":"product_brand","embeddable":true,"href":"https:\/\/jbelizstudio.com\/en\/wp-json\/wp\/v2\/product_brand?post=142"},{"taxonomy":"product_cat","embeddable":true,"href":"https:\/\/jbelizstudio.com\/en\/wp-json\/wp\/v2\/product_cat?post=142"},{"taxonomy":"product_tag","embeddable":true,"href":"https:\/\/jbelizstudio.com\/en\/wp-json\/wp\/v2\/product_tag?post=142"}],"curies":[{"name":"wp","href":"https:\/\/api.w.org\/{rel}","templated":true}]}}