{"id":146,"date":"2026-03-04T15:56:20","date_gmt":"2026-03-04T15:56:20","guid":{"rendered":"https:\/\/jbelizstudio.com\/product\/korg-m3-acordeones\/"},"modified":"2026-03-20T02:56:51","modified_gmt":"2026-03-20T02:56:51","slug":"korg-m3-acordeones","status":"publish","type":"product","link":"https:\/\/jbelizstudio.com\/en\/product\/korg-m3-acordeones\/","title":{"rendered":"KORG M3 Acordeones"},"content":{"rendered":"<h2 data-pm-slice=\"1 1 []\"><strong>Korg M3 &#8211; Colecci\u00f3n de Acordeones \u00c9lite<\/strong><\/h2>\n<p>Lleva la potencia y el sentimiento del acorde\u00f3n real a tu <strong>Korg M3<\/strong>. Esta librer\u00eda ha sido masterizada para ofrecer una respuesta t\u00e1ctil y sonora id\u00e9ntica a los instrumentos originales, capturando el &#8220;aire&#8221; y la vibraci\u00f3n caracter\u00edstica que define al g\u00e9nero regional mexicano, norte\u00f1o y de balada.<\/p>\n<h3><strong>Las Mejores Marcas en un Solo Pack<\/strong><\/h3>\n<p>No te limites a un solo sonido. Este paquete incluye muestras de alta fidelidad de las marcas m\u00e1s ic\u00f3nicas del mundo:<\/p>\n<ul>\n<li><strong>Gabbanelli:<\/strong> El est\u00e1ndar de oro para el sonido norte\u00f1o y tejano. Incluye registros brillantes y con ese &#8220;punch&#8221; necesario para los adornos y solos m\u00e1s exigentes.<\/li>\n<li><strong>Hohner Corona:<\/strong> El sonido cl\u00e1sico y tradicional de la m\u00fasica de acorde\u00f3n. Capturamos la calidez y el tono aut\u00e9ntico de los modelos Corona II, ideales para polkas y huapangos.<\/li>\n<li><strong>Weltmeister:<\/strong> Reconocido por su precisi\u00f3n alemana y su tono robusto, perfecto para darle cuerpo y una textura diferente a tus producciones y presentaciones en vivo.<\/li>\n<\/ul>\n<h3><strong>Dise\u00f1ado para el Escenario y el Estudio<\/strong><\/h3>\n<ul>\n<li><strong>Muestreo Multi-capa:<\/strong> Los samples responden a la velocidad de tu ejecuci\u00f3n, permitiendo matices desde notas suaves hasta ataques fuertes.<\/li>\n<li><strong>Optimizado para Korg M3:<\/strong> Programado espec\u00edficamente para aprovechar el motor de s\u00edntesis del M3, con efectos de reverb y chorus ajustados para un sonido profesional inmediato.<\/li>\n<li><strong>Versatilidad Total:<\/strong> Ideal para tocar \u00e9xitos de grupos como <strong>Intocable<\/strong>, <strong>Los Rel\u00e1mpagos del Norte<\/strong>, <strong>Ram\u00f3n Ayala<\/strong> y <strong>Pesado<\/strong>.<\/li>\n<\/ul>\n<h3><strong>Caracter\u00edsticas T\u00e9cnicas:<\/strong><\/h3>\n<ul>\n<li><strong>Compatibility:<\/strong> Exclusive to <strong>Korg M3<\/strong>.<\/li>\n<li><strong>F\u00e1cil Carga:<\/strong> Archivos listos para importar v\u00eda tarjeta USB.<\/li>\n<li><strong>Descarga Digital Instant\u00e1nea:<\/strong> Obt\u00e9n tu enlace de descarga inmediatamente despu\u00e9s de procesar tu pago.<\/li>\n<\/ul>\n<p>&nbsp;<\/p>","protected":false},"excerpt":{"rendered":"<p><strong>Escucha una demostraci\u00f3n:<\/strong><\/p>\n<div style=\"max-width: 300px;\">\n<p><audio class=\"wp-audio-shortcode\" id=\"audio-146-1\" preload=\"none\" style=\"width: 100%;\" controls=\"controls\"><source type=\"audio\/mpeg\" src=\"https:\/\/jbelizstudio.com\/wp-content\/uploads\/2026\/03\/Accordions.mp3?_=1\" \/><a href=\"https:\/\/jbelizstudio.com\/wp-content\/uploads\/2026\/03\/Accordions.mp3\">https:\/\/jbelizstudio.com\/wp-content\/uploads\/2026\/03\/Accordions.mp3<\/a><\/audio><\/p>\n<\/div>\n<ul>\n<li>Samples de Alta Fidelidad<\/li>\n<li><a href=\"https:\/\/jbelizstudio.com\/wp-content\/uploads\/2026\/03\/KORG-M3-ACCORDIONES.txt\" target=\"_blank\" rel=\"noopener\">List of Sounds<\/a><\/li>\n<li>Descarga Digital o Envio de USB<\/li>\n<\/ul>","protected":false},"featured_media":548,"comment_status":"open","ping_status":"closed","template":"","meta":[],"product_brand":[44],"product_cat":[30],"product_tag":[],"class_list":{"0":"post-146","1":"product","2":"type-product","3":"status-publish","4":"has-post-thumbnail","6":"product_brand-jbeliz-studio","7":"product_cat-korg-m3","9":"first","10":"instock","11":"sold-individually","12":"taxable","13":"shipping-taxable","14":"purchasable","15":"product-type-variable"},"_links":{"self":[{"href":"https:\/\/jbelizstudio.com\/en\/wp-json\/wp\/v2\/product\/146","targetHints":{"allow":["GET"]}}],"collection":[{"href":"https:\/\/jbelizstudio.com\/en\/wp-json\/wp\/v2\/product"}],"about":[{"href":"https:\/\/jbelizstudio.com\/en\/wp-json\/wp\/v2\/types\/product"}],"replies":[{"embeddable":true,"href":"https:\/\/jbelizstudio.com\/en\/wp-json\/wp\/v2\/comments?post=146"}],"wp:featuredmedia":[{"embeddable":true,"href":"https:\/\/jbelizstudio.com\/en\/wp-json\/wp\/v2\/media\/548"}],"wp:attachment":[{"href":"https:\/\/jbelizstudio.com\/en\/wp-json\/wp\/v2\/media?parent=146"}],"wp:term":[{"taxonomy":"product_brand","embeddable":true,"href":"https:\/\/jbelizstudio.com\/en\/wp-json\/wp\/v2\/product_brand?post=146"},{"taxonomy":"product_cat","embeddable":true,"href":"https:\/\/jbelizstudio.com\/en\/wp-json\/wp\/v2\/product_cat?post=146"},{"taxonomy":"product_tag","embeddable":true,"href":"https:\/\/jbelizstudio.com\/en\/wp-json\/wp\/v2\/product_tag?post=146"}],"curies":[{"name":"wp","href":"https:\/\/api.w.org\/{rel}","templated":true}]}}