{"id":148,"date":"2026-03-04T15:56:20","date_gmt":"2026-03-04T15:56:20","guid":{"rendered":"https:\/\/jbelizstudio.com\/product\/korg-m3-pegassero\/"},"modified":"2026-03-20T12:43:34","modified_gmt":"2026-03-20T12:43:34","slug":"korg-m3-pegassero","status":"publish","type":"product","link":"https:\/\/jbelizstudio.com\/en\/product\/korg-m3-pegassero\/","title":{"rendered":"KORG M3 Pegassero"},"content":{"rendered":"<h2 data-pm-slice=\"1 1 []\"><strong>Korg M3 &#8211; Colecci\u00f3n Orgullosamente Pegassera<\/strong><\/h2>\n<p>Lleva la esencia de la m\u00fasica grupera y regional a tu <strong>Korg M3<\/strong> con esta librer\u00eda de samples de alta calidad. Este paquete ha sido dise\u00f1ado meticulosamente para recrear los sonidos ic\u00f3nicos de los \u00f3rganos <strong>C600<\/strong> y <strong>B200<\/strong>, junto con texturas cl\u00e1sicas de sintetizadores legendarios que definieron una \u00e9poca.<\/p>\n<p>Cada sonido ha sido sampleado con precisi\u00f3n para mantener el realismo, la calidez y el &#8220;punch&#8221; necesario tanto para grabaciones de estudio como para presentaciones en vivo.<\/p>\n<h3><strong>\u00bfQu\u00e9 incluye este paquete?<\/strong><\/h3>\n<p>La colecci\u00f3n se divide en secciones clave para cubrir todas tus necesidades musicales:<\/p>\n<ul>\n<li><strong>El Legado de los \u00d3rganos (C600 &amp; B200):<\/strong>\n<ul>\n<li>Incluye el famoso <strong>Ronquidito<\/strong>, <strong>El Mecatito<\/strong> y los vers\u00e1tiles <strong>Organ 3 al 6<\/strong>.<\/li>\n<li>La serie <strong>B200<\/strong> completa con variantes con y sin <strong>Vibrato<\/strong>, incluyendo el sonido espec\u00edfico para temas como <em>&#8220;Cosas del Amor&#8221;<\/em> y el estilo <em>&#8220;Vayven&#8221;<\/em>.<\/li>\n<\/ul>\n<\/li>\n<li><strong>Potencia Digital (D50 &amp; DX7):<\/strong>\n<ul>\n<li>El indispensable <strong>D50 Rock Organ<\/strong> y el cristalino <strong>DX7 Piano 5<\/strong>, fundamentales para baladas y cumbias.<\/li>\n<\/ul>\n<\/li>\n<li><strong>Secci\u00f3n Orquestal y Pads (K1000):<\/strong>\n<ul>\n<li>Sonidos de <strong>Choir &amp; Strings<\/strong> y <strong>Fast Strings<\/strong> de la serie K1000, perfectos para dar profundidad y dramatismo a tus arreglos.<\/li>\n<\/ul>\n<\/li>\n<\/ul>\n<h3><strong>Main Characteristics:<\/strong><\/h3>\n<ul>\n<li><strong>Compatibility:<\/strong> Exclusive to <strong>Korg M3<\/strong> (formato de programa).<\/li>\n<li><strong>Calidad Profesional:<\/strong> Samples limpios con mapeo preciso en el teclado.<\/li>\n<li><strong>Listo para Tocar:<\/strong> Programas configurados con efectos y controladores asignados para una interpretaci\u00f3n expresiva.<\/li>\n<li><strong>Descarga Instant\u00e1nea:<\/strong> Obt\u00e9n tus sonidos inmediatamente despu\u00e9s de la compra.<\/li>\n<\/ul>\n<p>&nbsp;<\/p>","protected":false},"excerpt":{"rendered":"<div style=\"max-width: 300px;\">\n<p><strong>Escucha Demo:<\/strong><\/p>\n<p><audio class=\"wp-audio-shortcode\" id=\"audio-148-1\" preload=\"none\" style=\"width: 100%;\" controls=\"controls\"><source type=\"audio\/mpeg\" src=\"https:\/\/jbelizstudio.com\/wp-content\/uploads\/2026\/03\/Pegasso-Pack.mp3?_=1\" \/><a href=\"https:\/\/jbelizstudio.com\/wp-content\/uploads\/2026\/03\/Pegasso-Pack.mp3\">https:\/\/jbelizstudio.com\/wp-content\/uploads\/2026\/03\/Pegasso-Pack.mp3<\/a><\/audio><\/p>\n<\/div>\n<p>Samples AUTENTICOS Pegasseros para Korg M3<\/p>\n<p>Samples de Alta Fidelidad<\/p>\n<p>Digital Download<\/p>","protected":false},"featured_media":560,"comment_status":"open","ping_status":"closed","template":"","meta":[],"product_brand":[44],"product_cat":[30],"product_tag":[],"class_list":{"0":"post-148","1":"product","2":"type-product","3":"status-publish","4":"has-post-thumbnail","6":"product_brand-jbeliz-studio","7":"product_cat-korg-m3","9":"first","10":"instock","11":"sold-individually","12":"taxable","13":"shipping-taxable","14":"purchasable","15":"product-type-variable"},"_links":{"self":[{"href":"https:\/\/jbelizstudio.com\/en\/wp-json\/wp\/v2\/product\/148","targetHints":{"allow":["GET"]}}],"collection":[{"href":"https:\/\/jbelizstudio.com\/en\/wp-json\/wp\/v2\/product"}],"about":[{"href":"https:\/\/jbelizstudio.com\/en\/wp-json\/wp\/v2\/types\/product"}],"replies":[{"embeddable":true,"href":"https:\/\/jbelizstudio.com\/en\/wp-json\/wp\/v2\/comments?post=148"}],"wp:featuredmedia":[{"embeddable":true,"href":"https:\/\/jbelizstudio.com\/en\/wp-json\/wp\/v2\/media\/560"}],"wp:attachment":[{"href":"https:\/\/jbelizstudio.com\/en\/wp-json\/wp\/v2\/media?parent=148"}],"wp:term":[{"taxonomy":"product_brand","embeddable":true,"href":"https:\/\/jbelizstudio.com\/en\/wp-json\/wp\/v2\/product_brand?post=148"},{"taxonomy":"product_cat","embeddable":true,"href":"https:\/\/jbelizstudio.com\/en\/wp-json\/wp\/v2\/product_cat?post=148"},{"taxonomy":"product_tag","embeddable":true,"href":"https:\/\/jbelizstudio.com\/en\/wp-json\/wp\/v2\/product_tag?post=148"}],"curies":[{"name":"wp","href":"https:\/\/api.w.org\/{rel}","templated":true}]}}