{"id":151,"date":"2026-03-04T15:56:20","date_gmt":"2026-03-04T15:56:20","guid":{"rendered":"https:\/\/jbelizstudio.com\/product\/korg-krome-pegasso\/"},"modified":"2026-03-16T05:15:28","modified_gmt":"2026-03-16T05:15:28","slug":"korg-krome-pegasso","status":"publish","type":"product","link":"https:\/\/jbelizstudio.com\/en\/product\/korg-krome-pegasso\/","title":{"rendered":"Korg Krome Pegasso"},"content":{"rendered":"<h2 data-pm-slice=\"1 1 []\"><strong>Korg Krome Pegasso &#8211; Pack de Samples Premium<\/strong><\/h2>\n<p>Lleva el aut\u00e9ntico sonido de la <strong>Onda Grupera<\/strong> a tu teclado con este pack exclusivo para <strong>Korg Krome Y EX<\/strong>. Si eres amante de las melod\u00edas ic\u00f3nicas de <strong>Grupo Pegasso<\/strong> y <strong>Pega Pega de Emilio Reyna<\/strong>, este paquete es la herramienta definitiva para tus producciones y presentaciones en vivo.<\/p>\n<p>Hemos recreado con m\u00e1xima fidelidad los timbres que definieron una \u00e9poca: desde los legendarios \u00f3rganos Hammond y Technics con ese vibrato caracter\u00edstico, hasta los pianos y strings celestiales que marcaron el estilo rom\u00e1ntico pegassero.<\/p>\n<h3><strong>\u00bfQu\u00e9 incluye este pack?<\/strong><\/h3>\n<p>Este volumen se enfoca en la pureza del sonido &#8220;viejito&#8221; y elegante, incluyendo:<\/p>\n<ul>\n<li><strong>\u00d3rganos Legendarios:<\/strong> Sonidos extra\u00eddos y procesados de los modelos B200 y Technics, con configuraciones de vibrato listas para tocar.<\/li>\n<li><strong>Texturas Cl\u00e1sicas:<\/strong> Los famosos coros (Choirs) del K1000 y los pads brillantes del M1 y DX7.<\/li>\n<li><strong>Fidelidad Total:<\/strong> Samples optimizados para el motor del Korg Krome, garantizando una respuesta profesional en cada tecla.<\/li>\n<\/ul>\n<p>&nbsp;<\/p>","protected":false},"excerpt":{"rendered":"<p>Korg Krome Pegasso &#8211; Pack de Samples Premium Lleva el aut\u00e9ntico sonido de la Onda Grupera a tu teclado con este pack exclusivo para Korg Krome Y EX. Si eres amante de las melod\u00edas ic\u00f3nicas de Grupo Pegasso y Pega Pega de Emilio Reyna, este paquete es la herramienta definitiva para tus producciones y presentaciones [&hellip;]<\/p>\n","protected":false},"featured_media":857,"comment_status":"open","ping_status":"closed","template":"","meta":[],"product_brand":[44],"product_cat":[35],"product_tag":[],"class_list":{"0":"post-151","1":"product","2":"type-product","3":"status-publish","4":"has-post-thumbnail","6":"product_brand-jbeliz-studio","7":"product_cat-korg-krome","9":"first","10":"instock","11":"sale","12":"downloadable","13":"sold-individually","14":"taxable","15":"shipping-taxable","16":"purchasable","17":"product-type-simple"},"_links":{"self":[{"href":"https:\/\/jbelizstudio.com\/en\/wp-json\/wp\/v2\/product\/151","targetHints":{"allow":["GET"]}}],"collection":[{"href":"https:\/\/jbelizstudio.com\/en\/wp-json\/wp\/v2\/product"}],"about":[{"href":"https:\/\/jbelizstudio.com\/en\/wp-json\/wp\/v2\/types\/product"}],"replies":[{"embeddable":true,"href":"https:\/\/jbelizstudio.com\/en\/wp-json\/wp\/v2\/comments?post=151"}],"wp:featuredmedia":[{"embeddable":true,"href":"https:\/\/jbelizstudio.com\/en\/wp-json\/wp\/v2\/media\/857"}],"wp:attachment":[{"href":"https:\/\/jbelizstudio.com\/en\/wp-json\/wp\/v2\/media?parent=151"}],"wp:term":[{"taxonomy":"product_brand","embeddable":true,"href":"https:\/\/jbelizstudio.com\/en\/wp-json\/wp\/v2\/product_brand?post=151"},{"taxonomy":"product_cat","embeddable":true,"href":"https:\/\/jbelizstudio.com\/en\/wp-json\/wp\/v2\/product_cat?post=151"},{"taxonomy":"product_tag","embeddable":true,"href":"https:\/\/jbelizstudio.com\/en\/wp-json\/wp\/v2\/product_tag?post=151"}],"curies":[{"name":"wp","href":"https:\/\/api.w.org\/{rel}","templated":true}]}}