{"id":159,"date":"2026-03-04T15:56:20","date_gmt":"2026-03-04T15:56:20","guid":{"rendered":"https:\/\/jbelizstudio.com\/product\/roland-d50-montage-modx\/"},"modified":"2026-03-30T19:36:56","modified_gmt":"2026-03-30T19:36:56","slug":"roland-d50-montage-modx","status":"publish","type":"product","link":"https:\/\/jbelizstudio.com\/en\/product\/roland-d50-montage-modx\/","title":{"rendered":"Roland D50 (Montage\/MODX)"},"content":{"rendered":"<h2 data-pm-slice=\"1 1 []\"><strong>Roland D-50 Legends: El Sonido de las Estrellas (Montage\/MODX)<\/strong><\/h2>\n<p>\u00a1Lleva tu <strong>Montage\/Modx<\/strong> al siguiente nivel con la esencia pura de los a\u00f1os 80 y 90! Este pack de multisamples captura la magia del legendario <strong>Roland D-50<\/strong>, el sintetizador que defini\u00f3 el sonido de la m\u00fasica grupera, balada rom\u00e1ntica y cumbia en toda Latinoam\u00e9rica.<\/p>\n<p>Si buscas la autenticidad y el &#8220;brillo&#8221; que escuchas en los discos cl\u00e1sicos, este pack es la herramienta definitiva para tu arsenal musical.<\/p>\n<h3><strong>El Sonido que Hizo Historia<\/strong><\/h3>\n<p>Hemos recreado meticulosamente los parches ic\u00f3nicos que fueron el sello distintivo de las agrupaciones m\u00e1s grandes:<\/p>\n<ul>\n<li><strong>Los Bukis:<\/strong> Los pads celestiales y campanas cristalinas que acompa\u00f1aron las composiciones de Marco Antonio Sol\u00eds.<\/li>\n<li><strong>Los Temerarios:<\/strong> Esos strings y sonidos sint\u00e9ticos profundos que marcaron una era en la m\u00fasica rom\u00e1ntica.<\/li>\n<li><strong>Grupo Bryndis:<\/strong> Los pianos digitales y texturas \u00fanicas del &#8220;grupo que le canta al amor&#8221;.<\/li>\n<li><strong>Liberaci\u00f3n y Guardianes del Amor:<\/strong> Brasses brillantes y sintetizadores solistas que cortan perfecto en la mezcla.<\/li>\n<\/ul>\n<h3><strong>\u00bfQu\u00e9 incluye este pack?<\/strong><\/h3>\n<p>Una colecci\u00f3n de multisamples de alta resoluci\u00f3n, mapeados profesionalmente para el motor de s\u00edntesis del Yamaha Montage y Modx.<\/p>\n<p>&nbsp;<\/p>","protected":false},"excerpt":{"rendered":"<ul>\n<li>Sonidos Autenticos De Roland<\/li>\n<li>High-fidelity samples<\/li>\n<li>Digital Download or USB Flash Drive Shipment<\/li>\n<\/ul>","protected":false},"featured_media":583,"comment_status":"open","ping_status":"closed","template":"","meta":[],"product_brand":[44],"product_cat":[48,36],"product_tag":[],"class_list":{"0":"post-159","1":"product","2":"type-product","3":"status-publish","4":"has-post-thumbnail","6":"product_brand-jbeliz-studio","7":"product_cat-yamaha-modx","8":"product_cat-yamaha-montage","10":"first","11":"instock","12":"sold-individually","13":"taxable","14":"shipping-taxable","15":"purchasable","16":"product-type-variable"},"_links":{"self":[{"href":"https:\/\/jbelizstudio.com\/en\/wp-json\/wp\/v2\/product\/159","targetHints":{"allow":["GET"]}}],"collection":[{"href":"https:\/\/jbelizstudio.com\/en\/wp-json\/wp\/v2\/product"}],"about":[{"href":"https:\/\/jbelizstudio.com\/en\/wp-json\/wp\/v2\/types\/product"}],"replies":[{"embeddable":true,"href":"https:\/\/jbelizstudio.com\/en\/wp-json\/wp\/v2\/comments?post=159"}],"wp:featuredmedia":[{"embeddable":true,"href":"https:\/\/jbelizstudio.com\/en\/wp-json\/wp\/v2\/media\/583"}],"wp:attachment":[{"href":"https:\/\/jbelizstudio.com\/en\/wp-json\/wp\/v2\/media?parent=159"}],"wp:term":[{"taxonomy":"product_brand","embeddable":true,"href":"https:\/\/jbelizstudio.com\/en\/wp-json\/wp\/v2\/product_brand?post=159"},{"taxonomy":"product_cat","embeddable":true,"href":"https:\/\/jbelizstudio.com\/en\/wp-json\/wp\/v2\/product_cat?post=159"},{"taxonomy":"product_tag","embeddable":true,"href":"https:\/\/jbelizstudio.com\/en\/wp-json\/wp\/v2\/product_tag?post=159"}],"curies":[{"name":"wp","href":"https:\/\/api.w.org\/{rel}","templated":true}]}}