{"id":160,"date":"2026-03-04T15:56:20","date_gmt":"2026-03-04T15:56:20","guid":{"rendered":"https:\/\/jbelizstudio.com\/product\/yamaha-pss470-kronos\/"},"modified":"2026-03-20T14:43:21","modified_gmt":"2026-03-20T14:43:21","slug":"yamaha-pss470-kronos","status":"publish","type":"product","link":"https:\/\/jbelizstudio.com\/en\/product\/yamaha-pss470-kronos\/","title":{"rendered":"Yamaha PSS470 (Kronos)"},"content":{"rendered":"<h2 data-pm-slice=\"1 1 []\"><strong>Tubas PSS-470 para Korg Kronos<\/strong><\/h2>\n<p><strong>\u00a1El sonido legendario de la FM cl\u00e1sica en tu Kronos!<\/strong><\/p>\n<p>Lleva a tu teclado la potencia y el car\u00e1cter \u00fanico de la <strong>Tuba del Yamaha PSS-470<\/strong>. Este sonido no es solo un sample, es una pieza de historia de la m\u00fasica, capturada con la m\u00e1xima fidelidad para que cortes a trav\u00e9s de la mezcla en vivo o en estudio.<\/p>\n<h3><strong>\u00bfPor qu\u00e9 elegir este paquete?<\/strong><\/h3>\n<p>El Yamaha PSS-470 es\u00a0especialmente dentro de los g\u00e9neros de <strong>Tierra Caliente<\/strong>. La Dinastia de Tuzantla y Los Hermanos Gil entre unos. Aunque originalmente fue dise\u00f1ado como un &#8220;teclado de juguete&#8221; o para principiantes, su s\u00edntesis FM de 2 operadores permiti\u00f3 crear sonidos de tuba el\u00e9ctrica con un &#8220;punch&#8221; y una presencia que se volvieron est\u00e1ndar en la industria.<\/p>\n<p>Incluye 4 multisamples 2 Tubas y 2 Horn de differentes configuraciones.<\/p>","protected":false},"excerpt":{"rendered":"<div style=\"max-width: 300px;\">\n<p><audio class=\"wp-audio-shortcode\" id=\"audio-160-1\" preload=\"none\" style=\"width: 100%;\" controls=\"controls\"><source type=\"audio\/mpeg\" src=\"https:\/\/jbelizstudio.com\/wp-content\/uploads\/2026\/03\/Tubas-PSS470.mp3?_=1\" \/><a href=\"https:\/\/jbelizstudio.com\/wp-content\/uploads\/2026\/03\/Tubas-PSS470.mp3\">https:\/\/jbelizstudio.com\/wp-content\/uploads\/2026\/03\/Tubas-PSS470.mp3<\/a><\/audio><\/p>\n<\/div>\n<ul>\n<li>Samples de Tubas del Yamaha PSS-470<\/li>\n<li>High-fidelity samples<\/li>\n<li>Digital Download<\/li>\n<\/ul>","protected":false},"featured_media":587,"comment_status":"open","ping_status":"closed","template":"","meta":[],"product_brand":[44],"product_cat":[29],"product_tag":[],"class_list":{"0":"post-160","1":"product","2":"type-product","3":"status-publish","4":"has-post-thumbnail","6":"product_brand-jbeliz-studio","7":"product_cat-korg-kronos","9":"first","10":"instock","11":"sold-individually","12":"taxable","13":"shipping-taxable","14":"purchasable","15":"product-type-variable"},"_links":{"self":[{"href":"https:\/\/jbelizstudio.com\/en\/wp-json\/wp\/v2\/product\/160","targetHints":{"allow":["GET"]}}],"collection":[{"href":"https:\/\/jbelizstudio.com\/en\/wp-json\/wp\/v2\/product"}],"about":[{"href":"https:\/\/jbelizstudio.com\/en\/wp-json\/wp\/v2\/types\/product"}],"replies":[{"embeddable":true,"href":"https:\/\/jbelizstudio.com\/en\/wp-json\/wp\/v2\/comments?post=160"}],"wp:featuredmedia":[{"embeddable":true,"href":"https:\/\/jbelizstudio.com\/en\/wp-json\/wp\/v2\/media\/587"}],"wp:attachment":[{"href":"https:\/\/jbelizstudio.com\/en\/wp-json\/wp\/v2\/media?parent=160"}],"wp:term":[{"taxonomy":"product_brand","embeddable":true,"href":"https:\/\/jbelizstudio.com\/en\/wp-json\/wp\/v2\/product_brand?post=160"},{"taxonomy":"product_cat","embeddable":true,"href":"https:\/\/jbelizstudio.com\/en\/wp-json\/wp\/v2\/product_cat?post=160"},{"taxonomy":"product_tag","embeddable":true,"href":"https:\/\/jbelizstudio.com\/en\/wp-json\/wp\/v2\/product_tag?post=160"}],"curies":[{"name":"wp","href":"https:\/\/api.w.org\/{rel}","templated":true}]}}