{"id":1606,"date":"2026-04-09T22:04:53","date_gmt":"2026-04-09T22:04:53","guid":{"rendered":"https:\/\/jbelizstudio.com\/?post_type=product&#038;p=1606"},"modified":"2026-04-10T14:43:24","modified_gmt":"2026-04-10T14:43:24","slug":"korg-nautilus-latin-pack-1","status":"publish","type":"product","link":"https:\/\/jbelizstudio.com\/en\/product\/korg-nautilus-latin-pack-1\/","title":{"rendered":"Korg Nautilus Latin Pack 1"},"content":{"rendered":"<h2 data-pm-slice=\"1 1 []\"><strong>Korg Nautilus Latin Pack: La Colecci\u00f3n Legendaria<\/strong><\/h2>\n<p>Lleva tu <strong>Korg Nautilus<\/strong>\u00a0al siguiente nivel con esta librer\u00eda esencial para el g\u00e9nero latino y presentaciones en vivo. Este pack re\u00fane el alma de los sintetizadores que definieron \u00e9pocas, ofreciendo una fidelidad sonora inigualable.<\/p>\n<h3><strong>\u00bfQu\u00e9 incluye este pack?<\/strong><\/h3>\n<p>Una selecci\u00f3n experta de <strong>265 multisamples de alta calidad<\/strong> capturados de los teclados m\u00e1s ic\u00f3nicos de la industria:<\/p>\n<ul>\n<li><strong>Korg Series:<\/strong> Sonidos cl\u00e1sicos del <strong>M1, 01\/W, N364, X5 y T3<\/strong>.<\/li>\n<li><strong>Roland Legend:<\/strong> El brillo inconfundible del <strong>D-50<\/strong>,<strong> D70, XP80<\/strong><\/li>\n<li><strong>Instrumentos reales:<\/strong> Accordiones, bajo sextos, tubas y mas<\/li>\n<li><strong>Muchos m\u00e1s:<\/strong> Una librer\u00eda completa dise\u00f1ada para cortar perfectamente en la mezcla.<\/li>\n<\/ul>\n<h3><strong>Main Characteristics:<\/strong><\/h3>\n<ul>\n<li><strong>Calidad Premium:<\/strong> Sonidos limpios, potentes y optimizados para el motor de s\u00edntesis del Nautilus.<\/li>\n<li><strong>Versatilidad Total:<\/strong> Ideal para cumbia, norte\u00f1o, salsa, merengue y producciones de estudio.<\/li>\n<li><strong>Listo para Tocar:<\/strong> Programado para una respuesta din\u00e1mica y natural en cada interpretaci\u00f3n.<\/li>\n<li>Todo llegara en forma digital para descargar de inmediato.<\/li>\n<\/ul>\n<blockquote><p><strong>\u00a1Revive los sonidos cl\u00e1sicos con la potencia de hoy!<\/strong><\/p><\/blockquote>\n<p>&nbsp;<\/p>","protected":false},"excerpt":{"rendered":"<p>Samples de Alta Fidelidad Para tu Nautilus.<\/p>\n<p><a href=\"https:\/\/jbelizstudio.com\/wp-content\/uploads\/2026\/04\/JBELIZ-NAUTILUS-LATIN-1.txt\">List of Sounds<\/a> en este paquete<\/p>\n<p>Digital Download or USB Flash Drive Shipment<\/p>","protected":false},"featured_media":1609,"comment_status":"open","ping_status":"closed","template":"","meta":[],"product_brand":[44],"product_cat":[32],"product_tag":[],"class_list":{"0":"post-1606","1":"product","2":"type-product","3":"status-publish","4":"has-post-thumbnail","6":"product_brand-jbeliz-studio","7":"product_cat-korg-nautilus","9":"first","10":"instock","11":"sale","12":"sold-individually","13":"taxable","14":"shipping-taxable","15":"purchasable","16":"product-type-variable"},"_links":{"self":[{"href":"https:\/\/jbelizstudio.com\/en\/wp-json\/wp\/v2\/product\/1606","targetHints":{"allow":["GET"]}}],"collection":[{"href":"https:\/\/jbelizstudio.com\/en\/wp-json\/wp\/v2\/product"}],"about":[{"href":"https:\/\/jbelizstudio.com\/en\/wp-json\/wp\/v2\/types\/product"}],"replies":[{"embeddable":true,"href":"https:\/\/jbelizstudio.com\/en\/wp-json\/wp\/v2\/comments?post=1606"}],"wp:featuredmedia":[{"embeddable":true,"href":"https:\/\/jbelizstudio.com\/en\/wp-json\/wp\/v2\/media\/1609"}],"wp:attachment":[{"href":"https:\/\/jbelizstudio.com\/en\/wp-json\/wp\/v2\/media?parent=1606"}],"wp:term":[{"taxonomy":"product_brand","embeddable":true,"href":"https:\/\/jbelizstudio.com\/en\/wp-json\/wp\/v2\/product_brand?post=1606"},{"taxonomy":"product_cat","embeddable":true,"href":"https:\/\/jbelizstudio.com\/en\/wp-json\/wp\/v2\/product_cat?post=1606"},{"taxonomy":"product_tag","embeddable":true,"href":"https:\/\/jbelizstudio.com\/en\/wp-json\/wp\/v2\/product_tag?post=1606"}],"curies":[{"name":"wp","href":"https:\/\/api.w.org\/{rel}","templated":true}]}}