{"id":164,"date":"2026-03-04T15:56:21","date_gmt":"2026-03-04T15:56:21","guid":{"rendered":"https:\/\/jbelizstudio.com\/product\/crumar-orquestrator-samples-kronos\/"},"modified":"2026-03-20T00:39:47","modified_gmt":"2026-03-20T00:39:47","slug":"crumar-orquestrator-samples-kronos","status":"publish","type":"product","link":"https:\/\/jbelizstudio.com\/en\/product\/crumar-orquestrator-samples-kronos\/","title":{"rendered":"Crumar Orchestrator Samples (Kronos)"},"content":{"rendered":"<h3 data-pm-slice=\"1 1 []\">Crumar Orchestrator Legacy: El Sonido de Bronco y Selva Negra (Para Korg Kronos)<\/h3>\n<p><strong>Descripci\u00f3n:<\/strong><\/p>\n<p>\u00a1Viaja a la \u00e9poca de oro de la m\u00fasica grupera! Traemos para tu Korg Kronos el sonido inconfundible del <strong>Crumar Orchestrator (Multiman)<\/strong>, la joya anal\u00f3gica italiana que defini\u00f3 el estilo de las grandes agrupaciones de M\u00e9xico y Latinoam\u00e9rica.<\/p>\n<p><strong>\u00bfPor qu\u00e9 es indispensable este paquete?<\/strong> Si buscas ese sonido &#8220;vintage&#8221; aut\u00e9ntico que no se encuentra en los teclados modernos, esta colecci\u00f3n es para ti.<\/p>\n<ul>\n<li><strong>El Arma Secreta de (Bronco):<\/strong> Este es el teclado legendario que us\u00f3 <strong>Ramiro Delgado<\/strong> en los inicios de <strong>Bronco<\/strong>. Obt\u00e9n esos pianos y metales (Brass) nost\u00e1lgicos que escuchaste en sus primeros \u00e9xitos y baladas inmortales.<\/li>\n<li><strong>Estilo Selva Negra:<\/strong> Recrea con exactitud las texturas y ambientes utilizados por <strong>Selva Negra<\/strong>. Los samples han sido capturados para respetar esa calidez \u00fanica que es fundamental para la cumbia y la m\u00fasica rom\u00e1ntica grupera.<\/li>\n<li><strong>Sonido de Leyenda:<\/strong> Adem\u00e1s de Bronco y Selva Negra, el Crumar Orchestrator fue pieza clave para grupos como <strong>Los Plebeyos<\/strong> y en temas cl\u00e1sicos de <strong>Rigo Tovar<\/strong>. Es el sonido de la nostalgia pura.<\/li>\n<\/ul>\n<p><strong>Incluye los 5 Presets Originales:<\/strong> Hemos sampleado meticulosamente cada secci\u00f3n del instrumento original para darte la experiencia completa:<\/p>\n<ol>\n<li><strong>Piano:<\/strong> El sonido percusivo y brillante cl\u00e1sico.<\/li>\n<li><strong>Clavichord:<\/strong> Textura funky y nasal.<\/li>\n<li><strong>Brass (Metales):<\/strong> C\u00e1lidos, con ese filtro anal\u00f3gico inigualable.<\/li>\n<li><strong>Violin:<\/strong> Cuerdas suaves y envolventes.<\/li>\n<li><strong>Cello:<\/strong> Graves profundos y ricos.<\/li>\n<\/ol>\n<p><strong>Caracter\u00edsticas:<\/strong><\/p>\n<ul>\n<li>Sampleado notas del teclado original.<\/li>\n<li>Programado espec\u00edficamente para el motor del Korg Kronos.<\/li>\n<li>Listo para tocar en vivo o en estudio.<\/li>\n<\/ul>\n<p>\u00a1Recupera el sonido que hizo historia y ponlo en tus manos hoy mismo!<\/p>","protected":false},"excerpt":{"rendered":"<div style=\"max-width: 250px;\">\n<p><audio class=\"wp-audio-shortcode\" id=\"audio-164-1\" preload=\"none\" style=\"width: 100%;\" controls=\"controls\"><source type=\"audio\/mpeg\" src=\"https:\/\/jbelizstudio.com\/wp-content\/uploads\/2026\/03\/CRUM-AR-SOUND-CLIP.mp3?_=1\" \/><a href=\"https:\/\/jbelizstudio.com\/wp-content\/uploads\/2026\/03\/CRUM-AR-SOUND-CLIP.mp3\">https:\/\/jbelizstudio.com\/wp-content\/uploads\/2026\/03\/CRUM-AR-SOUND-CLIP.mp3<\/a><\/audio><\/p>\n<\/div>\n<ul>\n<li>Samples de Alta Calidad.<\/li>\n<li>100% ORIGINAL<\/li>\n<li>Digital Download<\/li>\n<\/ul>","protected":false},"featured_media":978,"comment_status":"open","ping_status":"closed","template":"","meta":[],"product_brand":[44],"product_cat":[29],"product_tag":[],"class_list":{"0":"post-164","1":"product","2":"type-product","3":"status-publish","4":"has-post-thumbnail","6":"product_brand-jbeliz-studio","7":"product_cat-korg-kronos","9":"first","10":"instock","11":"sold-individually","12":"taxable","13":"shipping-taxable","14":"purchasable","15":"product-type-variable"},"_links":{"self":[{"href":"https:\/\/jbelizstudio.com\/en\/wp-json\/wp\/v2\/product\/164","targetHints":{"allow":["GET"]}}],"collection":[{"href":"https:\/\/jbelizstudio.com\/en\/wp-json\/wp\/v2\/product"}],"about":[{"href":"https:\/\/jbelizstudio.com\/en\/wp-json\/wp\/v2\/types\/product"}],"replies":[{"embeddable":true,"href":"https:\/\/jbelizstudio.com\/en\/wp-json\/wp\/v2\/comments?post=164"}],"wp:featuredmedia":[{"embeddable":true,"href":"https:\/\/jbelizstudio.com\/en\/wp-json\/wp\/v2\/media\/978"}],"wp:attachment":[{"href":"https:\/\/jbelizstudio.com\/en\/wp-json\/wp\/v2\/media?parent=164"}],"wp:term":[{"taxonomy":"product_brand","embeddable":true,"href":"https:\/\/jbelizstudio.com\/en\/wp-json\/wp\/v2\/product_brand?post=164"},{"taxonomy":"product_cat","embeddable":true,"href":"https:\/\/jbelizstudio.com\/en\/wp-json\/wp\/v2\/product_cat?post=164"},{"taxonomy":"product_tag","embeddable":true,"href":"https:\/\/jbelizstudio.com\/en\/wp-json\/wp\/v2\/product_tag?post=164"}],"curies":[{"name":"wp","href":"https:\/\/api.w.org\/{rel}","templated":true}]}}