{"id":165,"date":"2026-03-04T15:56:21","date_gmt":"2026-03-04T15:56:21","guid":{"rendered":"https:\/\/jbelizstudio.com\/product\/yamaha-sy1-samples-kronos\/"},"modified":"2026-03-20T00:48:36","modified_gmt":"2026-03-20T00:48:36","slug":"yamaha-sy1-samples-kronos","status":"publish","type":"product","link":"https:\/\/jbelizstudio.com\/en\/product\/yamaha-sy1-samples-kronos\/","title":{"rendered":"Yamaha SY1 Samples (Kronos)"},"content":{"rendered":"<p data-pm-slice=\"1 1 []\">Yamaha SY-1 Legacy: La Colecci\u00f3n Completa (Para Korg Kronos)<\/p>\n<p><strong>Descripci\u00f3n:<\/strong><\/p>\n<p>\u00a1El origen de la leyenda ahora en tu Korg Kronos! Hemos capturado la esencia anal\u00f3gica del <strong>Yamaha SY-1<\/strong>, el primer sintetizador lanzado por Yamaha en 1974, para poner en tus manos una pieza de historia musical con una calidad de audio impecable.<\/p>\n<p><strong>\u00bfPor qu\u00e9 este paquete es esencial?<\/strong> Este no es solo un banco de sonidos, es una restauraci\u00f3n digital completa de un cl\u00e1sico extremadamente raro.<\/p>\n<ul>\n<li><strong>Librer\u00eda Completa de Presets Originales:<\/strong> Disfruta de todos los sonidos de f\u00e1brica del SY-1 (Flute, Oboe, Clarinet, Trumpet, Violin, etc.) con ese car\u00e1cter c\u00e1lido y nost\u00e1lgico que solo los circuitos anal\u00f3gicos de los 70s pod\u00edan producir.<\/li>\n<li><strong>El Legendario Sonido &#8220;Wewa&#8221;:<\/strong> Incluye el famoso y buscado efecto\/sonido &#8220;Wewa&#8221;, listo para tocarse al instante con la potencia de tu Kronos.<\/li>\n<li><strong>El Secreto de Selva Negra:<\/strong> Obt\u00e9n los sonidos exactos y texturas utilizados por grupos ic\u00f3nicos como <strong>Selva Negra<\/strong>. Si tocas cumbia, m\u00fasica tropical o rom\u00e1ntica, estos samples le dar\u00e1n a tu mezcla ese toque aut\u00e9ntico y profesional que estabas buscando.<\/li>\n<\/ul>\n<p><strong>Caracter\u00edsticas:<\/strong><\/p>\n<ul>\n<li>Multisamples de alta resoluci\u00f3n.<\/li>\n<li>Mapeo optimizado para Korg Kronos.<\/li>\n<li>Listos para cargar y tocar (Plug &amp; Play).<\/li>\n<\/ul>\n<p>\u00a1Dale a tus producciones el sonido cl\u00e1sico que defini\u00f3 una era!<\/p>\n<p>&nbsp;<\/p>","protected":false},"excerpt":{"rendered":"<ul>\n<li>Sonidos Originales<\/li>\n<li>Samples de Calidad<\/li>\n<li>Digital Download or USB Flash Drive Shipment<\/li>\n<\/ul>","protected":false},"featured_media":537,"comment_status":"open","ping_status":"closed","template":"","meta":[],"product_brand":[44],"product_cat":[29],"product_tag":[],"class_list":{"0":"post-165","1":"product","2":"type-product","3":"status-publish","4":"has-post-thumbnail","6":"product_brand-jbeliz-studio","7":"product_cat-korg-kronos","9":"first","10":"instock","11":"sold-individually","12":"taxable","13":"shipping-taxable","14":"purchasable","15":"product-type-variable"},"_links":{"self":[{"href":"https:\/\/jbelizstudio.com\/en\/wp-json\/wp\/v2\/product\/165","targetHints":{"allow":["GET"]}}],"collection":[{"href":"https:\/\/jbelizstudio.com\/en\/wp-json\/wp\/v2\/product"}],"about":[{"href":"https:\/\/jbelizstudio.com\/en\/wp-json\/wp\/v2\/types\/product"}],"replies":[{"embeddable":true,"href":"https:\/\/jbelizstudio.com\/en\/wp-json\/wp\/v2\/comments?post=165"}],"wp:featuredmedia":[{"embeddable":true,"href":"https:\/\/jbelizstudio.com\/en\/wp-json\/wp\/v2\/media\/537"}],"wp:attachment":[{"href":"https:\/\/jbelizstudio.com\/en\/wp-json\/wp\/v2\/media?parent=165"}],"wp:term":[{"taxonomy":"product_brand","embeddable":true,"href":"https:\/\/jbelizstudio.com\/en\/wp-json\/wp\/v2\/product_brand?post=165"},{"taxonomy":"product_cat","embeddable":true,"href":"https:\/\/jbelizstudio.com\/en\/wp-json\/wp\/v2\/product_cat?post=165"},{"taxonomy":"product_tag","embeddable":true,"href":"https:\/\/jbelizstudio.com\/en\/wp-json\/wp\/v2\/product_tag?post=165"}],"curies":[{"name":"wp","href":"https:\/\/api.w.org\/{rel}","templated":true}]}}