{"id":1672,"date":"2026-04-23T05:34:21","date_gmt":"2026-04-23T05:34:21","guid":{"rendered":"https:\/\/jbelizstudio.com\/?post_type=product&#038;p=1672"},"modified":"2026-04-24T12:36:24","modified_gmt":"2026-04-24T12:36:24","slug":"korg-triton-studio-latin-pack-1","status":"publish","type":"product","link":"https:\/\/jbelizstudio.com\/en\/product\/korg-triton-studio-latin-pack-1\/","title":{"rendered":"Korg Triton Studio Latin Pack 1"},"content":{"rendered":"<h2 data-path-to-node=\"2\"><b data-path-to-node=\"2\" data-index-in-node=\"0\">Korg Triton Studio Latin Pack 1 \u2013 Classic and Legendary Sounds<\/b><\/h2>\n<p data-path-to-node=\"3\">Take yours <b data-path-to-node=\"3\" data-index-in-node=\"9\">Korg Triton Studio<\/b> to the next level with this exclusive collection designed for Latin music production. The <b data-path-to-node=\"3\" data-index-in-node=\"125\">Latin Pack 1<\/b> gathers the most iconic sounds that defined an era, integrating legendary samples from classic synthesizers like the <b data-path-to-node=\"3\" data-index-in-node=\"260\">Roland D-50<\/b>, the <b data-path-to-node=\"3\" data-index-in-node=\"276\">Korg 01\/W<\/b>, the <b data-path-to-node=\"3\" data-index-in-node=\"290\">M1<\/b> and more.<\/p>\n<h3 data-path-to-node=\"5\"><b data-path-to-node=\"5\" data-index-in-node=\"0\">What does this pack include?<\/b><\/h3>\n<p data-path-to-node=\"6\">A meticulous selection of ready-to-play programs (PCGs), including:<\/p>\n<ul data-path-to-node=\"7\">\n<li>\n<p data-path-to-node=\"7,0,0\"><b data-path-to-node=\"7,0,0\" data-index-in-node=\"0\">The Legacy of the D-50:<\/b> Enjoy historical sounds like the <i data-path-to-node=\"7,0,0\" data-index-in-node=\"59\">Fantasy<\/i>, <i data-path-to-node=\"7,0,0\" data-index-in-node=\"69\">Baroque Strings<\/i>, <i data-path-to-node=\"7,0,0\" data-index-in-node=\"87\">Pizzagogo<\/i> and the famous <i data-path-to-node=\"7,0,0\" data-index-in-node=\"109\">Chicago Heaven<\/i>.<\/p>\n<\/li>\n<li>\n<p data-path-to-node=\"7,1,0\"><b data-path-to-node=\"7,1,0\" data-index-in-node=\"0\">The Essence of the Korg 01\/W:<\/b> Atmospheric and dynamic sounds like <i data-path-to-node=\"7,1,0\" data-index-in-node=\"64\">Air Castles<\/i>, <i data-path-to-node=\"7,1,0\" data-index-in-node=\"77\">Etherbells<\/i> and the unmissable <i data-path-to-node=\"7,1,0\" data-index-in-node=\"104\">Digital Piano<\/i>.<\/p>\n<\/li>\n<li>\n<p data-path-to-node=\"7,2,0\"><b data-path-to-node=\"7,2,0\" data-index-in-node=\"0\">M1 Classics:<\/b> They can't miss the <i data-path-to-node=\"7,2,0\" data-index-in-node=\"37\">16' Piano<\/i>, the <i data-path-to-node=\"7,2,0\" data-index-in-node=\"51\">Organ 2<\/i> and the <i data-path-to-node=\"7,2,0\" data-index-in-node=\"65\">Strings<\/i> that dominated 90s productions.<\/p>\n<\/li>\n<li>\n<p data-path-to-node=\"7,3,0\"><b data-path-to-node=\"7,3,0\" data-index-in-node=\"0\">Brass Section<\/b> Powerful trumpets and trombones of the <i data-path-to-node=\"7,3,0\" data-index-in-node=\"63\">XP-80<\/i> y <i data-path-to-node=\"7,3,0\" data-index-in-node=\"71\">DX7<\/i>, ideal for aggressive and bright wind arrangements.<\/p>\n<\/li>\n<li>\n<p data-path-to-node=\"7,4,0\"><b data-path-to-node=\"7,4,0\" data-index-in-node=\"0\">Premium Accordions:<\/b> Includes high-quality samples of accordions <b data-path-to-node=\"7,4,0\" data-index-in-node=\"67\">Gabbanelli<\/b> (Master, Bass, Clarinet) and <b data-path-to-node=\"7,4,0\" data-index-in-node=\"106\">Hohner<\/b>, perfect for norte\u00f1o and tropical music.<\/p>\n<\/li>\n<li>\n<p data-path-to-node=\"7,5,0\"><b data-path-to-node=\"7,5,0\" data-index-in-node=\"0\">Synthesizers and Pads<\/b> Textures of <i data-path-to-node=\"7,5,0\" data-index-in-node=\"36\">XP-80<\/i> y <i data-path-to-node=\"7,5,0\" data-index-in-node=\"44\">D-70<\/i> to fill your arrangements with cinematic depth.<\/p>\n<\/li>\n<li>To use this Pack, you need to use the 3 x 32MB RAM modules for a maximum capacity of 96MB.<\/li>\n<\/ul>","protected":false},"excerpt":{"rendered":"<p>Korg Triton Studio Latin Pack 1 \u2013 Sonidos Cl\u00e1sicos y Legendarios Lleva tu Korg Triton Studio al siguiente nivel con esta colecci\u00f3n exclusiva dise\u00f1ada para la producci\u00f3n de m\u00fasica latina. El Latin Pack 1 re\u00fane los sonidos m\u00e1s ic\u00f3nicos que definieron una era, integrando muestras legendarias de sintetizadores cl\u00e1sicos como el Roland D-50, el Korg [&hellip;]<\/p>\n","protected":false},"featured_media":1676,"comment_status":"open","ping_status":"closed","template":"","meta":[],"product_brand":[44],"product_cat":[66],"product_tag":[],"class_list":{"0":"post-1672","1":"product","2":"type-product","3":"status-publish","4":"has-post-thumbnail","6":"product_brand-jbeliz-studio","7":"product_cat-korg-triton-studio","9":"first","10":"instock","11":"sold-individually","12":"taxable","13":"shipping-taxable","14":"purchasable","15":"product-type-variable"},"jetpack_sharing_enabled":true,"_links":{"self":[{"href":"https:\/\/jbelizstudio.com\/en\/wp-json\/wp\/v2\/product\/1672","targetHints":{"allow":["GET"]}}],"collection":[{"href":"https:\/\/jbelizstudio.com\/en\/wp-json\/wp\/v2\/product"}],"about":[{"href":"https:\/\/jbelizstudio.com\/en\/wp-json\/wp\/v2\/types\/product"}],"replies":[{"embeddable":true,"href":"https:\/\/jbelizstudio.com\/en\/wp-json\/wp\/v2\/comments?post=1672"}],"wp:featuredmedia":[{"embeddable":true,"href":"https:\/\/jbelizstudio.com\/en\/wp-json\/wp\/v2\/media\/1676"}],"wp:attachment":[{"href":"https:\/\/jbelizstudio.com\/en\/wp-json\/wp\/v2\/media?parent=1672"}],"wp:term":[{"taxonomy":"product_brand","embeddable":true,"href":"https:\/\/jbelizstudio.com\/en\/wp-json\/wp\/v2\/product_brand?post=1672"},{"taxonomy":"product_cat","embeddable":true,"href":"https:\/\/jbelizstudio.com\/en\/wp-json\/wp\/v2\/product_cat?post=1672"},{"taxonomy":"product_tag","embeddable":true,"href":"https:\/\/jbelizstudio.com\/en\/wp-json\/wp\/v2\/product_tag?post=1672"}],"curies":[{"name":"wp","href":"https:\/\/api.w.org\/{rel}","templated":true}]}}