{"id":1678,"date":"2026-04-24T00:48:08","date_gmt":"2026-04-24T00:48:08","guid":{"rendered":"https:\/\/jbelizstudio.com\/?post_type=product&#038;p=1678"},"modified":"2026-05-06T03:29:01","modified_gmt":"2026-05-06T03:29:01","slug":"korg-triton-ram-32mb","status":"publish","type":"product","link":"https:\/\/jbelizstudio.com\/en\/product\/korg-triton-memoria-ram-32mb\/","title":{"rendered":"Korg Triton Memory RAM 32MB"},"content":{"rendered":"<h2 data-path-to-node=\"2\"><b data-path-to-node=\"2\" data-index-in-node=\"0\">32MB RAM Memory for Korg Triton Series \u2013 Sampler Expansion<\/b><\/h2>\n<p data-path-to-node=\"3\"><b data-path-to-node=\"3\" data-index-in-node=\"0\">Take your Korg Triton to the next level and expand your creativity.<\/b><\/p>\n<p data-path-to-node=\"4\">If you produce Latin, urban, or worship music, you know that high-quality samples require space. This module <b data-path-to-node=\"4\" data-index-in-node=\"131\">32MB SIMM<\/b> It is the essential upgrade to increase your workstation's memory capacity, allowing you to load heavier sound libraries, complex multisamples, and audio sequences seamlessly.<\/p>\n<h3 data-path-to-node=\"5\"><b data-path-to-node=\"5\" data-index-in-node=\"0\">Total Compatibility<\/b><\/h3>\n<p data-path-to-node=\"6\">This module has been tested to work perfectly with the following Korg family models:<\/p>\n<ul data-path-to-node=\"7\">\n<li>\n<p data-path-to-node=\"7,0,0\"><b data-path-to-node=\"7,0,0\" data-index-in-node=\"0\">Korg Triton Classic<\/b> (Pro, Pro-X, and Rack)<\/p>\n<\/li>\n<li>\n<p data-path-to-node=\"7,1,0\"><b data-path-to-node=\"7,1,0\" data-index-in-node=\"0\">Korg Triton Studio<\/b><\/p>\n<\/li>\n<li>\n<p data-path-to-node=\"7,2,0\"><b data-path-to-node=\"7,2,0\" data-index-in-node=\"0\">Korg Triton Extreme<\/b><\/p>\n<\/li>\n<li>\n<p data-path-to-node=\"7,3,0\"><b data-path-to-node=\"7,3,0\" data-index-in-node=\"0\">Korg Le<\/b> (Requires EXB-SMPL board to be installed)<\/p>\n<\/li>\n<li>\n<p data-path-to-node=\"7,4,0\"><b data-path-to-node=\"7,4,0\" data-index-in-node=\"0\">Korg Karma<\/b> (Requires EXB-SMPL board to be installed)<\/p>\n<\/li>\n<li>\n<p data-path-to-node=\"7,5,0\"><b data-path-to-node=\"7,5,0\" data-index-in-node=\"0\">Korg Trinity<\/b> (Solo versions with sampler option)<\/p>\n<\/li>\n<\/ul>\n<h3 data-path-to-node=\"8\"><b data-path-to-node=\"8\" data-index-in-node=\"0\">Main Characteristics:<\/b><\/h3>\n<ul data-path-to-node=\"9\">\n<li>\n<p data-path-to-node=\"9,0,0\"><b data-path-to-node=\"9,0,0\" data-index-in-node=\"0\">Capacity<\/b> 32MB (Significantly increases sampling time).<\/p>\n<\/li>\n<li>\n<p data-path-to-node=\"9,1,0\"><b data-path-to-node=\"9,1,0\" data-index-in-node=\"0\">Memory Type:<\/b> 72-pin SIMM, compatible with Korg technical specifications.<\/p>\n<\/li>\n<li>\n<p data-path-to-node=\"9,2,0\"><b data-path-to-node=\"9,2,0\" data-index-in-node=\"0\">Performance<\/b> Load your libraries from <b data-path-to-node=\"9,2,0\" data-index-in-node=\"36\">JBELIZ STUDIO<\/b> fluently and error-free \u201cMemory Full\u201d.<\/p>\n<\/li>\n<li>\n<p data-path-to-node=\"9,3,0\"><b data-path-to-node=\"9,3,0\" data-index-in-node=\"0\">Easy Installation:<\/b> \u201cPlug &amp; Play\u201d design that you can install yourself in minutes.<\/p>\n<\/li>\n<\/ul>","protected":false},"excerpt":{"rendered":"<p>Memoria RAM de 32MB para Korg Triton Series \u2013 Expansi\u00f3n de Sampler Lleva tu Korg Triton al siguiente nivel y expande tu creatividad. Si eres productor de m\u00fasica latina, urbana o de adoraci\u00f3n, sabes que los samples de alta calidad requieren espacio. Este m\u00f3dulo de 32MB SIMM es la actualizaci\u00f3n esencial para aumentar la capacidad [&hellip;]<\/p>\n","protected":false},"featured_media":1683,"comment_status":"open","ping_status":"closed","template":"","meta":[],"product_brand":[44],"product_cat":[66,73,74],"product_tag":[],"class_list":{"0":"post-1678","1":"product","2":"type-product","3":"status-publish","4":"has-post-thumbnail","6":"product_brand-jbeliz-studio","7":"product_cat-korg-triton-studio","8":"product_cat-hardware","9":"product_cat-memory-ram","11":"first","12":"instock","13":"taxable","14":"shipping-taxable","15":"purchasable","16":"product-type-simple"},"jetpack_sharing_enabled":true,"_links":{"self":[{"href":"https:\/\/jbelizstudio.com\/en\/wp-json\/wp\/v2\/product\/1678","targetHints":{"allow":["GET"]}}],"collection":[{"href":"https:\/\/jbelizstudio.com\/en\/wp-json\/wp\/v2\/product"}],"about":[{"href":"https:\/\/jbelizstudio.com\/en\/wp-json\/wp\/v2\/types\/product"}],"replies":[{"embeddable":true,"href":"https:\/\/jbelizstudio.com\/en\/wp-json\/wp\/v2\/comments?post=1678"}],"wp:featuredmedia":[{"embeddable":true,"href":"https:\/\/jbelizstudio.com\/en\/wp-json\/wp\/v2\/media\/1683"}],"wp:attachment":[{"href":"https:\/\/jbelizstudio.com\/en\/wp-json\/wp\/v2\/media?parent=1678"}],"wp:term":[{"taxonomy":"product_brand","embeddable":true,"href":"https:\/\/jbelizstudio.com\/en\/wp-json\/wp\/v2\/product_brand?post=1678"},{"taxonomy":"product_cat","embeddable":true,"href":"https:\/\/jbelizstudio.com\/en\/wp-json\/wp\/v2\/product_cat?post=1678"},{"taxonomy":"product_tag","embeddable":true,"href":"https:\/\/jbelizstudio.com\/en\/wp-json\/wp\/v2\/product_tag?post=1678"}],"curies":[{"name":"wp","href":"https:\/\/api.w.org\/{rel}","templated":true}]}}