{"id":172,"date":"2026-03-04T15:56:23","date_gmt":"2026-03-04T15:56:23","guid":{"rendered":"https:\/\/jbelizstudio.com\/product\/coleccion-de-accordiones-kronos\/"},"modified":"2026-03-20T03:02:28","modified_gmt":"2026-03-20T03:02:28","slug":"coleccion-de-accordiones-kronos","status":"publish","type":"product","link":"https:\/\/jbelizstudio.com\/en\/product\/coleccion-de-accordiones-kronos\/","title":{"rendered":"Accordion Collection (Kronos)"},"content":{"rendered":"<h2 data-pm-slice=\"1 1 []\"><strong>Colecci\u00f3n de Acordeones Reales: Gabbanelli, Hohner Y Weltmeister<\/strong><\/h2>\n<p>Lleva el alma de la m\u00fasica norte\u00f1a, tex-mex y folcl\u00f3rica a tu <strong>Korg Kronos<\/strong>. Esta librer\u00eda premium ha sido meticulosamente grabada y optimizada para ofrecer la respuesta m\u00e1s natural y potente en tu workstation.<\/p>\n<h3><strong>What does this collection include?<\/strong><\/h3>\n<ul>\n<li><strong>Gabbanelli:<\/strong> El brillo y la fuerza ic\u00f3nica del acorde\u00f3n preferido por los grandes del Norte\u00f1o. Captura ese &#8220;ataque&#8221; distintivo que corta perfectamente en cualquier mezcla en vivo. Todos los 5 registros.<\/li>\n<li><strong>Hohner Corona:<\/strong> El sonido cl\u00e1sico y dulce que defini\u00f3 g\u00e9neros enteros. Ideal para quienes buscan esa calidez tradicional y vibrante. Sonido original y sonido afinado seco estilo conjunto.<\/li>\n<li><strong>Weltmeister:<\/strong> Sonidos robustos y vers\u00e1tiles con una afinaci\u00f3n precisa, perfectos para una amplia gama de estilos ac\u00fasticos y de estudio. Sonido original y sonido afinado seco estilo conjunto.<\/li>\n<\/ul>\n<h3><strong>Caracter\u00edsticas T\u00e9cnicas:<\/strong><\/h3>\n<ul>\n<li><strong>Muestreo de Alta Fidelidad:<\/strong> Grabado con micr\u00f3fonos de estudio para capturar cada detalle del aire y las leng\u00fcetas.<\/li>\n<li><strong>Optimizaci\u00f3n para Kronos:<\/strong> Totalmente compatible con los motores de s\u00edntesis del Kronos, aprovechando los controles de expresi\u00f3n y efectos integrados.<\/li>\n<li><strong>Ready for the Stage:<\/strong> Programado para que los cambios de registro sean fluidos y tengan la presencia necesaria en sistemas de sonido PA.<\/li>\n<li><strong>Versatility:<\/strong> Perfecto para m\u00fasica regional mexicana, vallenato, pop ac\u00fastico y producciones profesionales.<\/li>\n<\/ul>\n<blockquote><p><strong>Note:<\/strong> Estos samples est\u00e1n dise\u00f1ados para ser cargados directamente en la memoria RAM de tu Korg Kronos, asegurando una latencia cero y una interpretaci\u00f3n org\u00e1nica.<\/p><\/blockquote>\n<p>&nbsp;<\/p>","protected":false},"excerpt":{"rendered":"<div style=\"max-width: 300px;\">\n<p><strong>Escucha el Demo:<\/strong><\/p>\n<p><audio class=\"wp-audio-shortcode\" id=\"audio-172-1\" preload=\"none\" style=\"width: 100%;\" controls=\"controls\"><source type=\"audio\/mpeg\" src=\"https:\/\/jbelizstudio.com\/wp-content\/uploads\/2026\/03\/Accordions.mp3?_=1\" \/><a href=\"https:\/\/jbelizstudio.com\/wp-content\/uploads\/2026\/03\/Accordions.mp3\">https:\/\/jbelizstudio.com\/wp-content\/uploads\/2026\/03\/Accordions.mp3<\/a><\/audio><\/p>\n<\/div>\n<ul>\n<li>Samples De Accordiones Autenticos<\/li>\n<li>High Fidelity Samples<\/li>\n<li>Descarga Digital o Envio de USB<\/li>\n<\/ul>","protected":false},"featured_media":295,"comment_status":"open","ping_status":"closed","template":"","meta":[],"product_brand":[44],"product_cat":[29],"product_tag":[],"class_list":{"0":"post-172","1":"product","2":"type-product","3":"status-publish","4":"has-post-thumbnail","6":"product_brand-jbeliz-studio","7":"product_cat-korg-kronos","9":"first","10":"instock","11":"sale","12":"sold-individually","13":"taxable","14":"shipping-taxable","15":"purchasable","16":"product-type-variable"},"_links":{"self":[{"href":"https:\/\/jbelizstudio.com\/en\/wp-json\/wp\/v2\/product\/172","targetHints":{"allow":["GET"]}}],"collection":[{"href":"https:\/\/jbelizstudio.com\/en\/wp-json\/wp\/v2\/product"}],"about":[{"href":"https:\/\/jbelizstudio.com\/en\/wp-json\/wp\/v2\/types\/product"}],"replies":[{"embeddable":true,"href":"https:\/\/jbelizstudio.com\/en\/wp-json\/wp\/v2\/comments?post=172"}],"wp:featuredmedia":[{"embeddable":true,"href":"https:\/\/jbelizstudio.com\/en\/wp-json\/wp\/v2\/media\/295"}],"wp:attachment":[{"href":"https:\/\/jbelizstudio.com\/en\/wp-json\/wp\/v2\/media?parent=172"}],"wp:term":[{"taxonomy":"product_brand","embeddable":true,"href":"https:\/\/jbelizstudio.com\/en\/wp-json\/wp\/v2\/product_brand?post=172"},{"taxonomy":"product_cat","embeddable":true,"href":"https:\/\/jbelizstudio.com\/en\/wp-json\/wp\/v2\/product_cat?post=172"},{"taxonomy":"product_tag","embeddable":true,"href":"https:\/\/jbelizstudio.com\/en\/wp-json\/wp\/v2\/product_tag?post=172"}],"curies":[{"name":"wp","href":"https:\/\/api.w.org\/{rel}","templated":true}]}}