{"id":1720,"date":"2026-04-25T00:44:11","date_gmt":"2026-04-25T00:44:11","guid":{"rendered":"https:\/\/jbelizstudio.com\/?post_type=product&#038;p=1720"},"modified":"2026-04-25T01:15:53","modified_gmt":"2026-04-25T01:15:53","slug":"crumar-sample-pack-bismark","status":"publish","type":"product","link":"https:\/\/jbelizstudio.com\/en\/product\/crumar-sample-pack-bismark\/","title":{"rendered":"Crumar Sample Pack Bismark"},"content":{"rendered":"<h2 data-path-to-node=\"2\">\ud83c\udfb9 Descripci\u00f3n del Producto: Pack Grupero Legendario (Bronco &amp; Selva Negra)<\/h2>\n<p data-path-to-node=\"3\">Lleva el poder de la cumbia y la balada grupera a tu iPhone o iPad con este exclusivo pack de samples en formato <b data-path-to-node=\"3\" data-index-in-node=\"113\">SF2<\/b>. Hemos recreado meticulosamente los timbres ic\u00f3nicos que definieron la \u00e9poca de oro de agrupaciones como <b data-path-to-node=\"3\" data-index-in-node=\"222\">Bronco<\/b> y <b data-path-to-node=\"3\" data-index-in-node=\"231\">Selva Negra<\/b>, optimizados para un rendimiento profesional en la aplicaci\u00f3n <b data-path-to-node=\"3\" data-index-in-node=\"305\">Bismark BS-16i<\/b>.<\/p>\n<h3 data-path-to-node=\"8\">\u2728 Caracter\u00edsticas Principales:<\/h3>\n<ul data-path-to-node=\"9\">\n<li>\n<p data-path-to-node=\"9,0,0\"><b data-path-to-node=\"9,0,0\" data-index-in-node=\"0\">Formato Universal SF2:<\/b> Compatible no solo con <b data-path-to-node=\"9,0,0\" data-index-in-node=\"46\">Bismark BS-16i<\/b>, sino con cualquier reproductor de SoundFonts profesional.<\/p>\n<\/li>\n<li>\n<p data-path-to-node=\"9,1,0\"><b data-path-to-node=\"9,1,0\" data-index-in-node=\"0\">Optimizado para iOS:<\/b> Muestras de alta calidad con bajo consumo de memoria para evitar cierres inesperados durante tus shows en vivo.<\/p>\n<\/li>\n<li>\n<p data-path-to-node=\"9,2,0\"><b data-path-to-node=\"9,2,0\" data-index-in-node=\"0\">Study Quality:<\/b> Grabaciones limpias, sin ruidos de fondo y con el mapeo de teclas correcto.<\/p>\n<\/li>\n<li>\n<p data-path-to-node=\"9,3,0\"><b data-path-to-node=\"9,3,0\" data-index-in-node=\"0\">Instalaci\u00f3n Inmediata:<\/b> Solo carga el archivo en tu dispositivo y estar\u00e1s listo para tocar en segundos.<\/p>\n<\/li>\n<\/ul>\n<blockquote data-path-to-node=\"10\">\n<p data-path-to-node=\"10,0\"><b data-path-to-node=\"10,0\" data-index-in-node=\"0\">Note:<\/b> <i data-path-to-node=\"10,0\" data-index-in-node=\"6\">Este producto es una descarga digital. Se requiere la aplicaci\u00f3n Bismark bs-16i (no incluida) para su ejecuci\u00f3n en dispositivos m\u00f3viles.<\/i><\/p>\n<\/blockquote>\n<p data-path-to-node=\"3\">","protected":false},"excerpt":{"rendered":"<p>Digital Download<\/p>","protected":false},"featured_media":1721,"comment_status":"open","ping_status":"closed","template":"","meta":[],"product_brand":[44],"product_cat":[72],"product_tag":[],"class_list":{"0":"post-1720","1":"product","2":"type-product","3":"status-publish","4":"has-post-thumbnail","6":"product_brand-jbeliz-studio","7":"product_cat-bismark","9":"first","10":"instock","11":"downloadable","12":"virtual","13":"sold-individually","14":"taxable","15":"purchasable","16":"product-type-simple"},"jetpack_sharing_enabled":true,"_links":{"self":[{"href":"https:\/\/jbelizstudio.com\/en\/wp-json\/wp\/v2\/product\/1720","targetHints":{"allow":["GET"]}}],"collection":[{"href":"https:\/\/jbelizstudio.com\/en\/wp-json\/wp\/v2\/product"}],"about":[{"href":"https:\/\/jbelizstudio.com\/en\/wp-json\/wp\/v2\/types\/product"}],"replies":[{"embeddable":true,"href":"https:\/\/jbelizstudio.com\/en\/wp-json\/wp\/v2\/comments?post=1720"}],"wp:featuredmedia":[{"embeddable":true,"href":"https:\/\/jbelizstudio.com\/en\/wp-json\/wp\/v2\/media\/1721"}],"wp:attachment":[{"href":"https:\/\/jbelizstudio.com\/en\/wp-json\/wp\/v2\/media?parent=1720"}],"wp:term":[{"taxonomy":"product_brand","embeddable":true,"href":"https:\/\/jbelizstudio.com\/en\/wp-json\/wp\/v2\/product_brand?post=1720"},{"taxonomy":"product_cat","embeddable":true,"href":"https:\/\/jbelizstudio.com\/en\/wp-json\/wp\/v2\/product_cat?post=1720"},{"taxonomy":"product_tag","embeddable":true,"href":"https:\/\/jbelizstudio.com\/en\/wp-json\/wp\/v2\/product_tag?post=1720"}],"curies":[{"name":"wp","href":"https:\/\/api.w.org\/{rel}","templated":true}]}}