{"id":173,"date":"2026-03-04T15:56:23","date_gmt":"2026-03-04T15:56:23","guid":{"rendered":"https:\/\/jbelizstudio.com\/product\/yamaha-dx7-korg-kronos\/"},"modified":"2026-03-19T20:09:21","modified_gmt":"2026-03-19T20:09:21","slug":"yamaha-dx7-korg-kronos","status":"publish","type":"product","link":"https:\/\/jbelizstudio.com\/en\/product\/yamaha-dx7-korg-kronos\/","title":{"rendered":"Yamaha DX7 (Korg Kronos)"},"content":{"rendered":"<p data-pm-slice=\"1 1 []\"><strong>DX7 Libreria original- Korg Kronos<\/strong><\/p>\n<p>Lleva el sonido inconfundible de la s\u00edntesis FM a tu <strong>Korg Kronos<\/strong>. Esta librer\u00eda captura la esencia del sintetizador m\u00e1s ic\u00f3nico de los a\u00f1os 80, ofreciendo texturas cristalinas, bajos met\u00e1licos y los pianos el\u00e9ctricos que definieron una era.<\/p>\n<p>Este paquete no esta compuesto de samples esto usa la programacion original del motor FM que se utilizo en el DX7 original.<\/p>\n<ul>\n<li><strong>Autenticidad FM:<\/strong> Sonidos programados para recrear fielmente los algoritmos originales del Yamaha DX7.<\/li>\n<li><strong>Premium Selection:<\/strong> Incluye los presets cl\u00e1sicos como <em>E.PIANO 1<\/em>, <em>TUBULAR BELLS<\/em>, y bajos sint\u00e9ticos profundos.<\/li>\n<li><strong>Optimizaci\u00f3n para Kronos:<\/strong> Totalmente compatible con los controles de expresi\u00f3n y el motor de efectos de tu workstation.<\/li>\n<li><strong>Uso Vers\u00e1til:<\/strong> Perfecto para baladas ochenteras, Grupero, pop moderno y producciones de estudio.<\/li>\n<\/ul>\n<p><strong>A\u00f1ade a tu arsenal el brillo y la claridad digital que solo el DX7 puede ofrecer.<\/strong><\/p>","protected":false},"excerpt":{"rendered":"<ul>\n<li>Todos los presets originales del DX7<\/li>\n<li>Digital Download or USB Flash Drive Shipment<\/li>\n<\/ul>","protected":false},"featured_media":299,"comment_status":"open","ping_status":"closed","template":"","meta":[],"product_brand":[44],"product_cat":[29],"product_tag":[],"class_list":{"0":"post-173","1":"product","2":"type-product","3":"status-publish","4":"has-post-thumbnail","6":"product_brand-jbeliz-studio","7":"product_cat-korg-kronos","9":"first","10":"instock","11":"sale","12":"sold-individually","13":"taxable","14":"shipping-taxable","15":"purchasable","16":"product-type-variable"},"_links":{"self":[{"href":"https:\/\/jbelizstudio.com\/en\/wp-json\/wp\/v2\/product\/173","targetHints":{"allow":["GET"]}}],"collection":[{"href":"https:\/\/jbelizstudio.com\/en\/wp-json\/wp\/v2\/product"}],"about":[{"href":"https:\/\/jbelizstudio.com\/en\/wp-json\/wp\/v2\/types\/product"}],"replies":[{"embeddable":true,"href":"https:\/\/jbelizstudio.com\/en\/wp-json\/wp\/v2\/comments?post=173"}],"wp:featuredmedia":[{"embeddable":true,"href":"https:\/\/jbelizstudio.com\/en\/wp-json\/wp\/v2\/media\/299"}],"wp:attachment":[{"href":"https:\/\/jbelizstudio.com\/en\/wp-json\/wp\/v2\/media?parent=173"}],"wp:term":[{"taxonomy":"product_brand","embeddable":true,"href":"https:\/\/jbelizstudio.com\/en\/wp-json\/wp\/v2\/product_brand?post=173"},{"taxonomy":"product_cat","embeddable":true,"href":"https:\/\/jbelizstudio.com\/en\/wp-json\/wp\/v2\/product_cat?post=173"},{"taxonomy":"product_tag","embeddable":true,"href":"https:\/\/jbelizstudio.com\/en\/wp-json\/wp\/v2\/product_tag?post=173"}],"curies":[{"name":"wp","href":"https:\/\/api.w.org\/{rel}","templated":true}]}}