{"id":178,"date":"2026-03-04T15:56:23","date_gmt":"2026-03-04T15:56:23","guid":{"rendered":"https:\/\/jbelizstudio.com\/product\/ram-para-roland-fantom-g-x-s\/"},"modified":"2026-03-21T19:01:26","modified_gmt":"2026-03-21T19:01:26","slug":"ram-para-roland-fantom-g-x-s","status":"publish","type":"product","link":"https:\/\/jbelizstudio.com\/en\/product\/ram-para-roland-fantom-g-x-s\/","title":{"rendered":"RAM Para Roland Fantom (G\/X\/S)"},"content":{"rendered":"<p data-pm-slice=\"1 1 []\"><strong>Memoria RAM de Expansi\u00f3n para Roland Fantom (SDRAM 512MB)<\/strong><\/p>\n<h3>Descripci\u00f3n:<\/h3>\n<p><strong>Potencia tu creatividad y expande la capacidad de tu workstation Roland.<\/strong><\/p>\n<p>Esta memoria SDRAM de alta calidad es el componente esencial para maximizar el potencial de muestreo (sampling) de tu teclado. Al instalar esta expansi\u00f3n, podr\u00e1s cargar librer\u00edas de sonidos m\u00e1s grandes, samples de audio de larga duraci\u00f3n y manejar proyectos complejos sin interrupciones.<\/p>\n<p><strong>Main Characteristics:<\/strong><\/p>\n<ul>\n<li><strong>Capacidad:<\/strong>\u00a0256mb y 512MB (El m\u00e1ximo soportado para la serie Fantom X).<\/li>\n<li><strong>Tipo de Memoria:<\/strong> SDRAM de 168 pines, PC133<\/li>\n<li><strong>Rendimiento:<\/strong> Alta velocidad y estabilidad para evitar errores de lectura durante tus presentaciones en vivo o sesiones de grabaci\u00f3n.<\/li>\n<li><strong>Plug &amp; Play:<\/strong> F\u00e1cil de instalar en la ranura interna de tu teclado.<\/li>\n<\/ul>\n<p><strong>Compatibilidad Garantizada:<\/strong> Esta memoria es compatible con los siguientes modelos de Roland:<\/p>\n<ul>\n<li><strong>Serie Fantom X:<\/strong> Fantom X6, X7, X8, XR y Xa.<\/li>\n<li><strong>Serie Fantom G:<\/strong> Fantom G6, G7 y G8 (Soporta hasta 1GB, consulta disponibilidad).<\/li>\n<li><strong>Serie Fantom S:<\/strong> Fantom-S y S88.<\/li>\n<\/ul>\n<p><strong>\u00bfPor qu\u00e9 mejorar tu RAM?<\/strong> Sin una expansi\u00f3n de memoria, el tiempo de muestreo de f\u00e1brica es muy limitado (solo unos segundos). Con esta tarjeta de\u00a0 <strong>256mb<\/strong> o\u00a0<strong>512MB<\/strong>, conviertes tu Roland en una verdadera potencia de producci\u00f3n,<\/p>","protected":false},"excerpt":{"rendered":"<ul>\n<li><strong>Serie Fantom X:<\/strong> Fantom X6, X7, X8, XR y Xa.<\/li>\n<li><strong>Serie Fantom G:<\/strong> Fantom G6, G7 y G8<\/li>\n<li><strong>Serie Fantom S:<\/strong> Fantom-S y S88.<\/li>\n<\/ul>","protected":false},"featured_media":315,"comment_status":"open","ping_status":"closed","template":"","meta":[],"product_brand":[39],"product_cat":[47],"product_tag":[],"class_list":{"0":"post-178","1":"product","2":"type-product","3":"status-publish","4":"has-post-thumbnail","6":"product_brand-korg","7":"product_cat-roland-fantom","9":"first","10":"instock","11":"sale","12":"taxable","13":"shipping-taxable","14":"purchasable","15":"product-type-variable"},"_links":{"self":[{"href":"https:\/\/jbelizstudio.com\/en\/wp-json\/wp\/v2\/product\/178","targetHints":{"allow":["GET"]}}],"collection":[{"href":"https:\/\/jbelizstudio.com\/en\/wp-json\/wp\/v2\/product"}],"about":[{"href":"https:\/\/jbelizstudio.com\/en\/wp-json\/wp\/v2\/types\/product"}],"replies":[{"embeddable":true,"href":"https:\/\/jbelizstudio.com\/en\/wp-json\/wp\/v2\/comments?post=178"}],"wp:featuredmedia":[{"embeddable":true,"href":"https:\/\/jbelizstudio.com\/en\/wp-json\/wp\/v2\/media\/315"}],"wp:attachment":[{"href":"https:\/\/jbelizstudio.com\/en\/wp-json\/wp\/v2\/media?parent=178"}],"wp:term":[{"taxonomy":"product_brand","embeddable":true,"href":"https:\/\/jbelizstudio.com\/en\/wp-json\/wp\/v2\/product_brand?post=178"},{"taxonomy":"product_cat","embeddable":true,"href":"https:\/\/jbelizstudio.com\/en\/wp-json\/wp\/v2\/product_cat?post=178"},{"taxonomy":"product_tag","embeddable":true,"href":"https:\/\/jbelizstudio.com\/en\/wp-json\/wp\/v2\/product_tag?post=178"}],"curies":[{"name":"wp","href":"https:\/\/api.w.org\/{rel}","templated":true}]}}