{"id":179,"date":"2026-03-04T15:56:23","date_gmt":"2026-03-04T15:56:23","guid":{"rendered":"https:\/\/jbelizstudio.com\/product\/ram-para-korg-kronos-1-y-x\/"},"modified":"2026-03-12T21:35:25","modified_gmt":"2026-03-12T21:35:25","slug":"ram-para-korg-kronos-1-y-x","status":"publish","type":"product","link":"https:\/\/jbelizstudio.com\/en\/product\/ram-para-korg-kronos-1-y-x\/","title":{"rendered":"RAM for Korg Kronos 1"},"content":{"rendered":"<p data-pm-slice=\"1 3 []\">Memoria Ram Compatible con La primera version (Korg Kronos y el\u00a0 Kronos X)<\/p>\n<ul>\n<li><strong>Tipo:<\/strong> DDR2 SO-DIMM (de 240 pines).<\/li>\n<li><strong>Velocidad:<\/strong> PC2-6400 (800 MHz)<\/li>\n<li><strong>Capacidad por m\u00f3dulo:<\/strong> Generalmente se utiliza un m\u00f3dulo de <strong>2 GB<\/strong> (sustituyendo al original de 1 GB) o se a\u00f1ade un segundo m\u00f3dulo dependiendo de la revisi\u00f3n de la placa base interna (Intel Atom).<\/li>\n<li><strong>Voltaje:<\/strong> 1.8V<\/li>\n<\/ul>","protected":false},"excerpt":{"rendered":"<p>Ram Compatible Para Korg Kronos 1<\/p>","protected":false},"featured_media":334,"comment_status":"open","ping_status":"closed","template":"","meta":[],"product_brand":[39],"product_cat":[29],"product_tag":[],"class_list":{"0":"post-179","1":"product","2":"type-product","3":"status-publish","4":"has-post-thumbnail","6":"product_brand-korg","7":"product_cat-korg-kronos","9":"first","10":"instock","11":"sale","12":"taxable","13":"shipping-taxable","14":"purchasable","15":"product-type-simple"},"_links":{"self":[{"href":"https:\/\/jbelizstudio.com\/en\/wp-json\/wp\/v2\/product\/179","targetHints":{"allow":["GET"]}}],"collection":[{"href":"https:\/\/jbelizstudio.com\/en\/wp-json\/wp\/v2\/product"}],"about":[{"href":"https:\/\/jbelizstudio.com\/en\/wp-json\/wp\/v2\/types\/product"}],"replies":[{"embeddable":true,"href":"https:\/\/jbelizstudio.com\/en\/wp-json\/wp\/v2\/comments?post=179"}],"wp:featuredmedia":[{"embeddable":true,"href":"https:\/\/jbelizstudio.com\/en\/wp-json\/wp\/v2\/media\/334"}],"wp:attachment":[{"href":"https:\/\/jbelizstudio.com\/en\/wp-json\/wp\/v2\/media?parent=179"}],"wp:term":[{"taxonomy":"product_brand","embeddable":true,"href":"https:\/\/jbelizstudio.com\/en\/wp-json\/wp\/v2\/product_brand?post=179"},{"taxonomy":"product_cat","embeddable":true,"href":"https:\/\/jbelizstudio.com\/en\/wp-json\/wp\/v2\/product_cat?post=179"},{"taxonomy":"product_tag","embeddable":true,"href":"https:\/\/jbelizstudio.com\/en\/wp-json\/wp\/v2\/product_tag?post=179"}],"curies":[{"name":"wp","href":"https:\/\/api.w.org\/{rel}","templated":true}]}}