{"id":183,"date":"2026-03-04T15:56:23","date_gmt":"2026-03-04T15:56:23","guid":{"rendered":"https:\/\/jbelizstudio.com\/product\/pegassero-pack-motif-xf\/"},"modified":"2026-03-20T04:39:43","modified_gmt":"2026-03-20T04:39:43","slug":"pegassero-pack-motif-xf","status":"publish","type":"product","link":"https:\/\/jbelizstudio.com\/en\/product\/pegassero-pack-motif-xf\/","title":{"rendered":"Pegassero Pack (MOTIF XF)"},"content":{"rendered":"<h3 data-pm-slice=\"1 1 []\"><strong>Pegassero Pack para Yamaha Motif XF<\/strong><\/h3>\n<p>\u00a1Revive la \u00e9poca dorada de la m\u00fasica grupera! Este <strong>Pegassero Pack<\/strong> para el <strong>Yamaha Motif XF<\/strong> es la herramienta definitiva para tecladistas que buscan recrear con total exactitud los sonidos de <strong>La Onda Pegassera<\/strong>.<\/p>\n<p>Hemos capturado la esencia de los instrumentos originales que definieron este estilo, permiti\u00e9ndote tocar esos covers cl\u00e1sicos con el brillo y la presencia que solo los samples reales pueden ofrecer.<\/p>\n<p><strong>Sonidos Legendarios Incluidos:<\/strong><\/p>\n<ul>\n<li><strong>Hammond B200:<\/strong> Los \u00f3rganos vibrantes y con ese &#8220;click&#8221; caracter\u00edstico que no puede faltar en una cumbia pegassera.<\/li>\n<li><strong>Technics C600:<\/strong> Samples de metales y texturas cl\u00e1sicas que marcaron un est\u00e1ndar en el g\u00e9nero.<\/li>\n<li><strong>Kurzweil K1000:<\/strong> Los pianos y sonidos orquestales robustos que le dan cuerpo a las baladas y ritmos movidos.<\/li>\n<li><strong>Y mucho m\u00e1s:<\/strong> Una selecci\u00f3n de sonidos adicionales para complementar tu arsenal musical.<\/li>\n<\/ul>\n<p><strong>Caracter\u00edsticas del Pack:<\/strong><\/p>\n<ul>\n<li><strong>Fidelidad Total:<\/strong> Samples grabados de los teclados originales, procesados para mantener su calidez y car\u00e1cter retro.<\/li>\n<li><strong>Programaci\u00f3n Profesional:<\/strong> Cada voz ha sido mapeada y ajustada para el motor del <strong>Motif XF<\/strong>, aprovechando sus efectos y sensibilidad.<\/li>\n<li><strong>Listo para el Grupo:<\/strong> Ideal para tocar en vivo o para producciones de estudio que requieran ese sonido &#8220;old school&#8221; aut\u00e9ntico.<\/li>\n<\/ul>\n<p><strong>Requerimientos:<\/strong><\/p>\n<p>Para utilizar esta librer\u00eda, tu <strong>Yamaha Motif XF<\/strong> debe contar con memoria Flash instalada (m\u00f3dulos FL512M o FL1024M), ya que los sonidos se cargan como nuevos datos de onda (User Samples).los samples.<\/p>","protected":false},"excerpt":{"rendered":"<p><strong>Escucha Demo:<\/strong><\/p>\n<div style=\"max-width: 300px;\">\n<p><audio class=\"wp-audio-shortcode\" id=\"audio-183-1\" preload=\"none\" style=\"width: 100%;\" controls=\"controls\"><source type=\"audio\/mpeg\" src=\"https:\/\/jbelizstudio.com\/wp-content\/uploads\/2026\/03\/Pegasso-Pack.mp3?_=1\" \/><a href=\"https:\/\/jbelizstudio.com\/wp-content\/uploads\/2026\/03\/Pegasso-Pack.mp3\">https:\/\/jbelizstudio.com\/wp-content\/uploads\/2026\/03\/Pegasso-Pack.mp3<\/a><\/audio><\/p>\n<\/div>\n<ul>\n<li>Samples Pegasseros para tu Yamaha Motif XF<\/li>\n<li>High Fidelity Samples<\/li>\n<li>Digital Download or USB Flash Drive Shipment<\/li>\n<\/ul>","protected":false},"featured_media":368,"comment_status":"open","ping_status":"closed","template":"","meta":[],"product_brand":[44],"product_cat":[38],"product_tag":[],"class_list":{"0":"post-183","1":"product","2":"type-product","3":"status-publish","4":"has-post-thumbnail","6":"product_brand-jbeliz-studio","7":"product_cat-yamaha-motif-xf","9":"first","10":"instock","11":"sold-individually","12":"taxable","13":"shipping-taxable","14":"purchasable","15":"product-type-variable"},"_links":{"self":[{"href":"https:\/\/jbelizstudio.com\/en\/wp-json\/wp\/v2\/product\/183","targetHints":{"allow":["GET"]}}],"collection":[{"href":"https:\/\/jbelizstudio.com\/en\/wp-json\/wp\/v2\/product"}],"about":[{"href":"https:\/\/jbelizstudio.com\/en\/wp-json\/wp\/v2\/types\/product"}],"replies":[{"embeddable":true,"href":"https:\/\/jbelizstudio.com\/en\/wp-json\/wp\/v2\/comments?post=183"}],"wp:featuredmedia":[{"embeddable":true,"href":"https:\/\/jbelizstudio.com\/en\/wp-json\/wp\/v2\/media\/368"}],"wp:attachment":[{"href":"https:\/\/jbelizstudio.com\/en\/wp-json\/wp\/v2\/media?parent=183"}],"wp:term":[{"taxonomy":"product_brand","embeddable":true,"href":"https:\/\/jbelizstudio.com\/en\/wp-json\/wp\/v2\/product_brand?post=183"},{"taxonomy":"product_cat","embeddable":true,"href":"https:\/\/jbelizstudio.com\/en\/wp-json\/wp\/v2\/product_cat?post=183"},{"taxonomy":"product_tag","embeddable":true,"href":"https:\/\/jbelizstudio.com\/en\/wp-json\/wp\/v2\/product_tag?post=183"}],"curies":[{"name":"wp","href":"https:\/\/api.w.org\/{rel}","templated":true}]}}