{"id":390,"date":"2026-03-07T04:46:00","date_gmt":"2026-03-07T04:46:00","guid":{"rendered":"https:\/\/jbelizstudio.com\/?post_type=product&#038;p=390"},"modified":"2026-03-07T20:21:45","modified_gmt":"2026-03-07T20:21:45","slug":"korg-kronos-3-61-key-workstation","status":"publish","type":"product","link":"https:\/\/jbelizstudio.com\/en\/product\/korg-kronos-3-61-key-workstation\/","title":{"rendered":"Korg Kronos 3- 61 Key Workstation"},"content":{"rendered":"<h2 data-path-to-node=\"7\"><b data-path-to-node=\"7\" data-index-in-node=\"0\">Korg Kronos 3 61-Key: Potencia Creativa Sin L\u00edmites<\/b><\/h2>\n<p id=\"p-rc_b07989838fafdb64-48\" data-path-to-node=\"8\"><span class=\"citation-63\">The <\/span><b data-path-to-node=\"8\" data-index-in-node=\"3\"><span class=\"citation-63\">Korg Kronos 3<\/span><\/b><span class=\"citation-63 citation-end-63\"> no es solo un teclado; es el centro neur\u00e1lgico de cualquier estudio o configuraci\u00f3n en vivo.<\/span> Dise\u00f1ado para ofrecer la m\u00e1xima expresividad, este workstation redefine lo que es posible en la s\u00edntesis moderna.<\/p>\n<h3 data-path-to-node=\"9\"><b data-path-to-node=\"9\" data-index-in-node=\"0\">Main Characteristics:<\/b><\/h3>\n<ul data-path-to-node=\"10\">\n<li>\n<p data-path-to-node=\"10,0,0\"><b data-path-to-node=\"10,0,0\" data-index-in-node=\"0\">9 Motores de Sonido Individuales:<\/b> Desde el realismo ac\u00fastico del motor SGX-2 (Premium Piano) hasta la s\u00edntesis anal\u00f3gica del MS-20EX y PolysixEX.<\/p>\n<\/li>\n<li>\n<p id=\"p-rc_b07989838fafdb64-49\" data-path-to-node=\"10,1,0\"><b data-path-to-node=\"10,1,0\" data-index-in-node=\"0\">Pantalla TouchView\u2122 a Color:<\/b><span class=\"citation-62 citation-end-62\"> Una interfaz intuitiva de 8 pulgadas que te permite controlar cada par\u00e1metro, editar ondas y mezclar pistas con solo tocar la pantalla.<\/span><\/p>\n<\/li>\n<li>\n<p id=\"p-rc_b07989838fafdb64-50\" data-path-to-node=\"10,2,0\"><b data-path-to-node=\"10,2,0\" data-index-in-node=\"0\"><span class=\"citation-61\">Superficie de Control Expandida:<\/span><\/b><span class=\"citation-61 citation-end-61\"> Equipado con un joystick de 4 v\u00edas, controladores de cinta, 9 controles deslizantes y 8 perillas para una manipulaci\u00f3n de sonido en tiempo real sin precedentes.<\/span><\/p>\n<\/li>\n<li>\n<p id=\"p-rc_b07989838fafdb64-51\" data-path-to-node=\"10,3,0\"><b data-path-to-node=\"10,3,0\" data-index-in-node=\"0\">Set List Mode:<\/b><span class=\"citation-60 citation-end-60\"> Organiza tus sonidos, combinaciones y notas de texto para tus presentaciones en vivo, permitiendo cambios de sonido instant\u00e1neos y sin cortes (Smooth Sound Transition).<\/span><\/p>\n<\/li>\n<li>\n<p id=\"p-rc_b07989838fafdb64-52\" data-path-to-node=\"10,4,0\"><b data-path-to-node=\"10,4,0\" data-index-in-node=\"0\"><span class=\"citation-59\">Secuenciador Integrado:<\/span><\/b><span class=\"citation-59 citation-end-59\"> 16 pistas MIDI y 16 pistas de audio profesionales para grabar, editar y masterizar tus canciones directamente en el teclado.<\/span><\/p>\n<\/li>\n<\/ul>\n<h3 data-path-to-node=\"11\"><\/h3>","protected":false},"excerpt":{"rendered":"<p><b data-path-to-node=\"3,0\" data-index-in-node=\"0\">Potencia Sonora y Personalizaci\u00f3n Extrema:<\/b> Explora 9 motores de s\u00edntesis de vanguardia que cubren desde pianos de concierto hasta texturas anal\u00f3gicas. Gracias a su enorme capacidad de <b data-path-to-node=\"3,0\" data-index-in-node=\"184\">muestreo (sampling)<\/b>, puedes grabar, editar y cargar tus propios sonidos y librer\u00edas de usuario directamente en su SSD interno, creando un instrumento \u00fanico y totalmente personalizado.<\/p>","protected":false},"featured_media":201,"comment_status":"open","ping_status":"closed","template":"","meta":[],"product_brand":[39],"product_cat":[29],"product_tag":[],"class_list":{"0":"post-390","1":"product","2":"type-product","3":"status-publish","4":"has-post-thumbnail","6":"product_brand-korg","7":"product_cat-korg-kronos","9":"first","10":"instock","11":"taxable","12":"shipping-taxable","13":"product-type-external"},"_links":{"self":[{"href":"https:\/\/jbelizstudio.com\/en\/wp-json\/wp\/v2\/product\/390","targetHints":{"allow":["GET"]}}],"collection":[{"href":"https:\/\/jbelizstudio.com\/en\/wp-json\/wp\/v2\/product"}],"about":[{"href":"https:\/\/jbelizstudio.com\/en\/wp-json\/wp\/v2\/types\/product"}],"replies":[{"embeddable":true,"href":"https:\/\/jbelizstudio.com\/en\/wp-json\/wp\/v2\/comments?post=390"}],"wp:featuredmedia":[{"embeddable":true,"href":"https:\/\/jbelizstudio.com\/en\/wp-json\/wp\/v2\/media\/201"}],"wp:attachment":[{"href":"https:\/\/jbelizstudio.com\/en\/wp-json\/wp\/v2\/media?parent=390"}],"wp:term":[{"taxonomy":"product_brand","embeddable":true,"href":"https:\/\/jbelizstudio.com\/en\/wp-json\/wp\/v2\/product_brand?post=390"},{"taxonomy":"product_cat","embeddable":true,"href":"https:\/\/jbelizstudio.com\/en\/wp-json\/wp\/v2\/product_cat?post=390"},{"taxonomy":"product_tag","embeddable":true,"href":"https:\/\/jbelizstudio.com\/en\/wp-json\/wp\/v2\/product_tag?post=390"}],"curies":[{"name":"wp","href":"https:\/\/api.w.org\/{rel}","templated":true}]}}