{"id":613,"date":"2026-03-13T05:38:40","date_gmt":"2026-03-13T05:38:40","guid":{"rendered":"https:\/\/jbelizstudio.com\/?post_type=product&#038;p=613"},"modified":"2026-04-15T09:24:04","modified_gmt":"2026-04-15T09:24:04","slug":"grupero-korg-pa-700-1000-4x","status":"publish","type":"product","link":"https:\/\/jbelizstudio.com\/en\/product\/grupero-korg-pa-700-1000-4x\/","title":{"rendered":"Korg PA 700\/1000\/4X PA 700\/1000\/4X GROUPER"},"content":{"rendered":"<h2 data-pm-slice=\"1 1 []\"><strong>Descripci\u00f3n del Producto<\/strong><\/h2>\n<p>Lleva el sonido aut\u00e9ntico del movimiento grupero a tu teclado con este paquete exclusivo de samples de alta calidad, dise\u00f1ado espec\u00edficamente para la serie <strong>Korg PA (PA700, PA1000 y PA4X)<\/strong>.<\/p>\n<p>Este pack re\u00fane los sonidos ic\u00f3nicos que definieron una \u00e9poca y que siguen siendo el est\u00e1ndar para interpretar m\u00fasica de agrupaciones como <strong>Pegasso<\/strong>, <strong>Toppaz<\/strong>, y el estilo rom\u00e1ntico\/grupero cl\u00e1sico.<\/p>\n<h3><strong>Lo que incluye este paquete:<\/strong><\/h3>\n<ul>\n<li><strong>\u00d3rganos Legendarios:<\/strong>\n<ul>\n<li><strong>Yamaha YC45:<\/strong> El sonido brillante y penetrante indispensable para el estilo &#8220;Pegassero&#8221;.<\/li>\n<li><strong>Hammond B3:<\/strong> Sonidos de rueda de tonos con ese cuerpo y calidez cl\u00e1sica.<\/li>\n<li><strong>Technics:<\/strong> Registros espec\u00edficos utilizados por las grandes agrupaciones de los 90.<\/li>\n<\/ul>\n<\/li>\n<li><strong>Sintetizadores Cl\u00e1sicos de Korg:<\/strong>\n<ul>\n<li><strong>Korg M1:<\/strong> Incluye el famoso Piano, Organ 2 y sonidos de metal que no pueden faltar.<\/li>\n<li><strong>Korg 01\/W:<\/strong> Pads envolventes y leads caracter\u00edsticos de la era dorada de los sintetizadores.<\/li>\n<li>Instrumentos reales y mucho mas.<\/li>\n<\/ul>\n<\/li>\n<\/ul>\n<h3><strong>Caracter\u00edsticas T\u00e9cnicas:<\/strong><\/h3>\n<ul>\n<li><strong>Compatibility:<\/strong> Totalmente compatible con <strong>Korg PA700, PA1000 y PA4X<\/strong>.<\/li>\n<li><strong>Format:<\/strong> Samples optimizados para cargar r\u00e1pidamente sin sacrificar la fidelidad del audio.<\/li>\n<li><strong>Listo para tocar:<\/strong> Sonidos mapeados y nivelados para un desempe\u00f1o profesional en vivo o grabaciones.<\/li>\n<\/ul>\n<blockquote><p><strong>Note:<\/strong> Este producto es una <strong>descarga digital<\/strong>. Tras completar tu compra, recibir\u00e1s un enlace para descargar los archivos e instalarlos en tu teclado.<\/p><\/blockquote>\n<p>&nbsp;<\/p>","protected":false},"excerpt":{"rendered":"<p>Descripci\u00f3n del Producto Lleva el sonido aut\u00e9ntico del movimiento grupero a tu teclado con este paquete exclusivo de samples de alta calidad, dise\u00f1ado espec\u00edficamente para la serie Korg PA (PA700, PA1000 y PA4X). Este pack re\u00fane los sonidos ic\u00f3nicos que definieron una \u00e9poca y que siguen siendo el est\u00e1ndar para interpretar m\u00fasica de agrupaciones como [&hellip;]<\/p>\n","protected":false},"featured_media":614,"comment_status":"open","ping_status":"closed","template":"","meta":[],"product_brand":[44],"product_cat":[53],"product_tag":[],"class_list":{"0":"post-613","1":"product","2":"type-product","3":"status-publish","4":"has-post-thumbnail","6":"product_brand-jbeliz-studio","7":"product_cat-korg-pa-700-1000-4x","9":"first","10":"instock","11":"sold-individually","12":"taxable","13":"shipping-taxable","14":"purchasable","15":"product-type-variable"},"_links":{"self":[{"href":"https:\/\/jbelizstudio.com\/en\/wp-json\/wp\/v2\/product\/613","targetHints":{"allow":["GET"]}}],"collection":[{"href":"https:\/\/jbelizstudio.com\/en\/wp-json\/wp\/v2\/product"}],"about":[{"href":"https:\/\/jbelizstudio.com\/en\/wp-json\/wp\/v2\/types\/product"}],"replies":[{"embeddable":true,"href":"https:\/\/jbelizstudio.com\/en\/wp-json\/wp\/v2\/comments?post=613"}],"wp:featuredmedia":[{"embeddable":true,"href":"https:\/\/jbelizstudio.com\/en\/wp-json\/wp\/v2\/media\/614"}],"wp:attachment":[{"href":"https:\/\/jbelizstudio.com\/en\/wp-json\/wp\/v2\/media?parent=613"}],"wp:term":[{"taxonomy":"product_brand","embeddable":true,"href":"https:\/\/jbelizstudio.com\/en\/wp-json\/wp\/v2\/product_brand?post=613"},{"taxonomy":"product_cat","embeddable":true,"href":"https:\/\/jbelizstudio.com\/en\/wp-json\/wp\/v2\/product_cat?post=613"},{"taxonomy":"product_tag","embeddable":true,"href":"https:\/\/jbelizstudio.com\/en\/wp-json\/wp\/v2\/product_tag?post=613"}],"curies":[{"name":"wp","href":"https:\/\/api.w.org\/{rel}","templated":true}]}}